{"id":80896,"date":"2021-01-04T13:31:12","date_gmt":"2021-01-04T13:31:12","guid":{"rendered":"https:\/\/futllermo.com\/tienda\/producto\/adidas-team-glider-soccer-ball-hombre\/"},"modified":"2022-01-13T09:53:25","modified_gmt":"2022-01-13T09:53:25","slug":"adidas-team-glider-soccer-ball-hombre","status":"publish","type":"product","link":"https:\/\/futllermo.com\/tienda\/producto\/adidas-team-glider-soccer-ball-hombre\/","title":{"rendered":"adidas Team Glider &#8211; Soccer Ball Hombre"},"content":{"rendered":"<p><!-- show up to 2 reviews by default --> <\/p>\n<p>El adidas Team Glider es la pelota de ocio y entrenamiento para la serie adidas TEAM. Est\u00e1 cosido a m\u00e1quina y convence por su superficie suave con una excelente sensaci\u00f3n de juego. Debido a sus caracter\u00edsticas, la pelota es ideal para jugar en campos de hierba suave y garantiza buenas caracter\u00edsticas de juego en estas condiciones. <\/p>\n<p>Training ball<br \/>\nSynthetic leather<br \/>\nIt must be inflated<\/p>\n","protected":false},"excerpt":{"rendered":"<p>Training ball<br \/>\nSynthetic leather<br \/>\nIt must be inflated<\/p>\n","protected":false},"featured_media":80898,"comment_status":"open","ping_status":"closed","template":"","meta":{"_kadence_starter_templates_imported_post":false,"_kad_post_transparent":"","_kad_post_title":"","_kad_post_layout":"","_kad_post_sidebar_id":"","_kad_post_content_style":"","_kad_post_vertical_padding":"","_kad_post_feature":"","_kad_post_feature_position":"","_kad_post_header":false,"_kad_post_footer":false},"product_brand":[],"product_cat":[450,382],"product_tag":[],"class_list":{"0":"post-80896","1":"product","2":"type-product","3":"status-publish","4":"has-post-thumbnail","6":"product_cat-futbol","7":"product_cat-balones","8":"pa_brand-visita-la-store-de-adidas","10":"first","11":"instock","12":"shipping-taxable","13":"purchasable","14":"product-type-simple","15":"entry","16":"content-bg","17":"loop-entry"},"_links":{"self":[{"href":"https:\/\/futllermo.com\/tienda\/wp-json\/wp\/v2\/product\/80896","targetHints":{"allow":["GET"]}}],"collection":[{"href":"https:\/\/futllermo.com\/tienda\/wp-json\/wp\/v2\/product"}],"about":[{"href":"https:\/\/futllermo.com\/tienda\/wp-json\/wp\/v2\/types\/product"}],"replies":[{"embeddable":true,"href":"https:\/\/futllermo.com\/tienda\/wp-json\/wp\/v2\/comments?post=80896"}],"wp:featuredmedia":[{"embeddable":true,"href":"https:\/\/futllermo.com\/tienda\/wp-json\/wp\/v2\/media\/80898"}],"wp:attachment":[{"href":"https:\/\/futllermo.com\/tienda\/wp-json\/wp\/v2\/media?parent=80896"}],"wp:term":[{"taxonomy":"product_brand","embeddable":true,"href":"https:\/\/futllermo.com\/tienda\/wp-json\/wp\/v2\/product_brand?post=80896"},{"taxonomy":"product_cat","embeddable":true,"href":"https:\/\/futllermo.com\/tienda\/wp-json\/wp\/v2\/product_cat?post=80896"},{"taxonomy":"product_tag","embeddable":true,"href":"https:\/\/futllermo.com\/tienda\/wp-json\/wp\/v2\/product_tag?post=80896"}],"curies":[{"name":"wp","href":"https:\/\/api.w.org\/{rel}","templated":true}]}}