{"id":80893,"date":"2021-01-04T13:29:58","date_gmt":"2021-01-04T13:29:58","guid":{"rendered":"https:\/\/futllermo.com\/tienda\/producto\/sp-futbol-no-goal-zero-aqualove-guante-de-portero-grey-blue\/"},"modified":"2022-01-13T09:53:25","modified_gmt":"2022-01-13T09:53:25","slug":"sp-futbol-no-goal-zero-aqualove-guante-de-portero-grey-blue","status":"publish","type":"product","link":"https:\/\/futllermo.com\/tienda\/producto\/sp-futbol-no-goal-zero-aqualove-guante-de-portero-grey-blue\/","title":{"rendered":"SP F\u00fatbol No Goal Zero Aqualove, Guante de Portero, Grey-Blue"},"content":{"rendered":"<p><!-- show up to 2 reviews by default --> <\/p>\n<p>Guante No Goal Zero Aqualove Grey-BlueEl No Goal Zero lleva dos temporadas siendo el s\u00faperventas de SP F\u00fatbol gracias a que fue de los primeros guantes 100% seamless que sali\u00f3 al mercado. Su fiabilidad frente a las roturas en un concepto de guante minimalista que act\u00faa como una segunda piel lo han convertido en un referente en los guantes de portero de la marca SP F\u00fatbol. En 2020 se actualiza con la nueva palma fabricada en Espa\u00f1a denominada Aquablock con un porcentaje de l\u00e1tex natural superior al 95%. <\/p>\n","protected":false},"excerpt":{"rendered":"<p>Guante No Goal Zero Aqualove Grey-BlueEl No Goal Zero lleva dos temporadas siendo el s\u00faperventas de SP F\u00fatbol gracias a que fue de los primeros guantes 100% seamless que sali\u00f3 al mercado. Su fiabilidad frente a las roturas en un concepto de guante minimalista que act\u00faa como una segunda piel lo han convertido en un&#8230;<\/p>\n","protected":false},"featured_media":80894,"comment_status":"open","ping_status":"closed","template":"","meta":{"_kadence_starter_templates_imported_post":false,"_kad_post_transparent":"","_kad_post_title":"","_kad_post_layout":"","_kad_post_sidebar_id":"","_kad_post_content_style":"","_kad_post_vertical_padding":"","_kad_post_feature":"","_kad_post_feature_position":"","_kad_post_header":false,"_kad_post_footer":false},"product_brand":[],"product_cat":[450,361],"product_tag":[],"class_list":{"0":"post-80893","1":"product","2":"type-product","3":"status-publish","4":"has-post-thumbnail","6":"product_cat-futbol","7":"product_cat-guantes-de-portero","8":"pa_brand-visita-la-store-de-sp-futbol","10":"first","11":"instock","12":"shipping-taxable","13":"purchasable","14":"product-type-simple","15":"entry","16":"content-bg","17":"loop-entry"},"_links":{"self":[{"href":"https:\/\/futllermo.com\/tienda\/wp-json\/wp\/v2\/product\/80893","targetHints":{"allow":["GET"]}}],"collection":[{"href":"https:\/\/futllermo.com\/tienda\/wp-json\/wp\/v2\/product"}],"about":[{"href":"https:\/\/futllermo.com\/tienda\/wp-json\/wp\/v2\/types\/product"}],"replies":[{"embeddable":true,"href":"https:\/\/futllermo.com\/tienda\/wp-json\/wp\/v2\/comments?post=80893"}],"wp:featuredmedia":[{"embeddable":true,"href":"https:\/\/futllermo.com\/tienda\/wp-json\/wp\/v2\/media\/80894"}],"wp:attachment":[{"href":"https:\/\/futllermo.com\/tienda\/wp-json\/wp\/v2\/media?parent=80893"}],"wp:term":[{"taxonomy":"product_brand","embeddable":true,"href":"https:\/\/futllermo.com\/tienda\/wp-json\/wp\/v2\/product_brand?post=80893"},{"taxonomy":"product_cat","embeddable":true,"href":"https:\/\/futllermo.com\/tienda\/wp-json\/wp\/v2\/product_cat?post=80893"},{"taxonomy":"product_tag","embeddable":true,"href":"https:\/\/futllermo.com\/tienda\/wp-json\/wp\/v2\/product_tag?post=80893"}],"curies":[{"name":"wp","href":"https:\/\/api.w.org\/{rel}","templated":true}]}}