{"id":80887,"date":"2021-01-04T13:29:53","date_gmt":"2021-01-04T13:29:53","guid":{"rendered":"https:\/\/futllermo.com\/tienda\/producto\/rinat-egotiko-quantum-spine-turf-guante-de-portero-unisex-ninos\/"},"modified":"2022-01-13T09:53:25","modified_gmt":"2022-01-13T09:53:25","slug":"rinat-egotiko-quantum-spine-turf-guante-de-portero-unisex-ninos","status":"publish","type":"product","link":"https:\/\/futllermo.com\/tienda\/producto\/rinat-egotiko-quantum-spine-turf-guante-de-portero-unisex-ninos\/","title":{"rendered":"Rinat Egotiko Quantum Spine Turf Guante de Portero, Unisex ni\u00f1os"},"content":{"rendered":"<p><!-- show up to 2 reviews by default --> <\/p>\n<p>Dorso: l\u00e1tex sint\u00e9tico de gran suavidad y comodidad. Con frecuencia para dar volumen, cuerpo y amortiguaci\u00f3n. Montado en una base textil transpirable que mantiene el interior del guante fresco. Corte: h\u00edbrido de corte negativo con la cobertura del roll finger (negative-roll). palma: l\u00e1tex Omega Resistance de 3mm. Hasta 10 veces m\u00e1s resistente que cualquier l\u00e1tex convencional manteniendo un buen grip. Active cell Zone, gel antiderrapante en los entre dedos para mayor grip. Spines: sistema de protecci\u00f3n para los dedos, que aporta fuerza y reduce las probabilidades de lesiones. Closure: mejoramos la Mu\u00f1equera, ahora es m\u00e1s t\u00e9cnica y funcional. Est\u00e1 compuesta de 2 piezas unidas por un el\u00e1stico que mejora el ajuste a la mu\u00f1eca brindando as\u00ed m\u00e1s fuerza y seguridad. Cintillo personalizable. <\/p>\n<p>Latex Omega Resistance<br \/>\nCorte Negative-Roll<br \/>\n80% L\u00e1tex, 20% Textil<br \/>\nEgotiko Quantum Spine Turf<br \/>\nActive Cell Zone<br \/>\nCierre compuesto de 2 piezas unidas por un el\u00e1stico que mejora el ajuste a la mu\u00f1eca; cintillo personalizable<\/p>\n","protected":false},"excerpt":{"rendered":"<p>Latex Omega Resistance<br \/>\nCorte Negative-Roll<br \/>\n80% L\u00e1tex, 20% Textil<\/p>\n","protected":false},"featured_media":80890,"comment_status":"open","ping_status":"closed","template":"","meta":{"_kadence_starter_templates_imported_post":false,"_kad_post_transparent":"","_kad_post_title":"","_kad_post_layout":"","_kad_post_sidebar_id":"","_kad_post_content_style":"","_kad_post_vertical_padding":"","_kad_post_feature":"","_kad_post_feature_position":"","_kad_post_header":false,"_kad_post_footer":false},"product_brand":[],"product_cat":[450,361],"product_tag":[],"class_list":{"0":"post-80887","1":"product","2":"type-product","3":"status-publish","4":"has-post-thumbnail","6":"product_cat-futbol","7":"product_cat-guantes-de-portero","8":"pa_brand-visita-la-store-de-rinat","10":"first","11":"instock","12":"shipping-taxable","13":"purchasable","14":"product-type-simple","15":"entry","16":"content-bg","17":"loop-entry"},"_links":{"self":[{"href":"https:\/\/futllermo.com\/tienda\/wp-json\/wp\/v2\/product\/80887","targetHints":{"allow":["GET"]}}],"collection":[{"href":"https:\/\/futllermo.com\/tienda\/wp-json\/wp\/v2\/product"}],"about":[{"href":"https:\/\/futllermo.com\/tienda\/wp-json\/wp\/v2\/types\/product"}],"replies":[{"embeddable":true,"href":"https:\/\/futllermo.com\/tienda\/wp-json\/wp\/v2\/comments?post=80887"}],"wp:featuredmedia":[{"embeddable":true,"href":"https:\/\/futllermo.com\/tienda\/wp-json\/wp\/v2\/media\/80890"}],"wp:attachment":[{"href":"https:\/\/futllermo.com\/tienda\/wp-json\/wp\/v2\/media?parent=80887"}],"wp:term":[{"taxonomy":"product_brand","embeddable":true,"href":"https:\/\/futllermo.com\/tienda\/wp-json\/wp\/v2\/product_brand?post=80887"},{"taxonomy":"product_cat","embeddable":true,"href":"https:\/\/futllermo.com\/tienda\/wp-json\/wp\/v2\/product_cat?post=80887"},{"taxonomy":"product_tag","embeddable":true,"href":"https:\/\/futllermo.com\/tienda\/wp-json\/wp\/v2\/product_tag?post=80887"}],"curies":[{"name":"wp","href":"https:\/\/api.w.org\/{rel}","templated":true}]}}