{"id":80886,"date":"2021-01-04T13:29:52","date_gmt":"2021-01-04T13:29:52","guid":{"rendered":"https:\/\/futllermo.com\/tienda\/producto\/sp-futbol-serendipity-replica-guante-de-portero-blanco\/"},"modified":"2022-01-13T09:53:25","modified_gmt":"2022-01-13T09:53:25","slug":"sp-futbol-serendipity-replica-guante-de-portero-blanco","status":"publish","type":"product","link":"https:\/\/futllermo.com\/tienda\/producto\/sp-futbol-serendipity-replica-guante-de-portero-blanco\/","title":{"rendered":"SP F\u00fatbol Serendipity R\u00e9plica, Guante de Portero, Blanco"},"content":{"rendered":"<p><!-- show up to 2 reviews by default --> <\/p>\n<p>Guante Serendipity R\u00e9plica BlancoLos fans de los guantes de estilo cl\u00e1sico est\u00e1n de enhorabuena. SP F\u00fatbol incluye en su cat\u00e1logo una l\u00ednea atemporal llamada Serendipity. Un guante con un nivel de armado medio, corte negativo y con una decoraci\u00f3n limpia en color blanco. La \u00abserendipia\u00bb es un descubrimiento valioso e inesperado que se produce de manera accidental mientras se est\u00e1 buscando una cosa distinta. SP F\u00fatbol ha bautizado a esta l\u00ednea con el nombre de Serendipity porque durante tu busqueda de guantes llamativos te encontrar\u00e1s con un guante elegante del que te enamorar\u00e1s al momento. <\/p>\n","protected":false},"excerpt":{"rendered":"<p>Guante Serendipity R\u00e9plica BlancoLos fans de los guantes de estilo cl\u00e1sico est\u00e1n de enhorabuena. SP F\u00fatbol incluye en su cat\u00e1logo una l\u00ednea atemporal llamada Serendipity. Un guante con un nivel de armado medio, corte negativo y con una decoraci\u00f3n limpia en color blanco. La \u00abserendipia\u00bb es un descubrimiento valioso e inesperado que se produce de&#8230;<\/p>\n","protected":false},"featured_media":80888,"comment_status":"open","ping_status":"closed","template":"","meta":{"_kadence_starter_templates_imported_post":false,"_kad_post_transparent":"","_kad_post_title":"","_kad_post_layout":"","_kad_post_sidebar_id":"","_kad_post_content_style":"","_kad_post_vertical_padding":"","_kad_post_feature":"","_kad_post_feature_position":"","_kad_post_header":false,"_kad_post_footer":false},"product_brand":[],"product_cat":[450,361],"product_tag":[],"class_list":{"0":"post-80886","1":"product","2":"type-product","3":"status-publish","4":"has-post-thumbnail","6":"product_cat-futbol","7":"product_cat-guantes-de-portero","8":"pa_brand-visita-la-store-de-sp-futbol","10":"first","11":"instock","12":"shipping-taxable","13":"purchasable","14":"product-type-simple","15":"entry","16":"content-bg","17":"loop-entry"},"_links":{"self":[{"href":"https:\/\/futllermo.com\/tienda\/wp-json\/wp\/v2\/product\/80886","targetHints":{"allow":["GET"]}}],"collection":[{"href":"https:\/\/futllermo.com\/tienda\/wp-json\/wp\/v2\/product"}],"about":[{"href":"https:\/\/futllermo.com\/tienda\/wp-json\/wp\/v2\/types\/product"}],"replies":[{"embeddable":true,"href":"https:\/\/futllermo.com\/tienda\/wp-json\/wp\/v2\/comments?post=80886"}],"wp:featuredmedia":[{"embeddable":true,"href":"https:\/\/futllermo.com\/tienda\/wp-json\/wp\/v2\/media\/80888"}],"wp:attachment":[{"href":"https:\/\/futllermo.com\/tienda\/wp-json\/wp\/v2\/media?parent=80886"}],"wp:term":[{"taxonomy":"product_brand","embeddable":true,"href":"https:\/\/futllermo.com\/tienda\/wp-json\/wp\/v2\/product_brand?post=80886"},{"taxonomy":"product_cat","embeddable":true,"href":"https:\/\/futllermo.com\/tienda\/wp-json\/wp\/v2\/product_cat?post=80886"},{"taxonomy":"product_tag","embeddable":true,"href":"https:\/\/futllermo.com\/tienda\/wp-json\/wp\/v2\/product_tag?post=80886"}],"curies":[{"name":"wp","href":"https:\/\/api.w.org\/{rel}","templated":true}]}}