{"id":80880,"date":"2021-01-04T13:29:47","date_gmt":"2021-01-04T13:29:47","guid":{"rendered":"https:\/\/futllermo.com\/tienda\/producto\/guantes-de-portero-de-futbol-marca-adidas-para-unisex-adulto\/"},"modified":"2022-01-13T09:53:25","modified_gmt":"2022-01-13T09:53:25","slug":"guantes-de-portero-de-futbol-marca-adidas-para-unisex-adulto","status":"publish","type":"product","link":"https:\/\/futllermo.com\/tienda\/producto\/guantes-de-portero-de-futbol-marca-adidas-para-unisex-adulto\/","title":{"rendered":"Guantes de Portero de F\u00fatbol Marca adidas para Unisex Adulto"},"content":{"rendered":"<p><!-- show up to 2 reviews by default --> <\/p>\n<p>Su cancha Tu territorio Toma el control con estos guantes de f\u00fatbol adidas Predator 20 Pro Fingersave. Son f\u00e1ciles de usar y c\u00f3modos gracias a su pu\u00f1o sin tirantes y su rev\u00e9s de punto. Los elementos de control en la zona de perforaci\u00f3n te ayudan a dominar los golpes. El l\u00e1tex grueso y adherente y las espinas en los dedos apoyan cada captura. <\/p>\n<p>Corte positivo para un ajuste c\u00f3modo.<br \/>\nGuantes de portero de f\u00fatbol<br \/>\nL\u00e1tex Soft Grip para agarre y amortiguaci\u00f3n.<br \/>\nCorrea de mu\u00f1eca ligera de media envoltura<br \/>\nBrazalete ventilado<\/p>\n","protected":false},"excerpt":{"rendered":"<p>Corte positivo para un ajuste c\u00f3modo.<br \/>\nGuantes de portero de f\u00fatbol<br \/>\nL\u00e1tex Soft Grip para agarre y amortiguaci\u00f3n.<\/p>\n","protected":false},"featured_media":80885,"comment_status":"open","ping_status":"closed","template":"","meta":{"_kadence_starter_templates_imported_post":false,"_kad_post_transparent":"","_kad_post_title":"","_kad_post_layout":"","_kad_post_sidebar_id":"","_kad_post_content_style":"","_kad_post_vertical_padding":"","_kad_post_feature":"","_kad_post_feature_position":"","_kad_post_header":false,"_kad_post_footer":false},"product_brand":[],"product_cat":[450,361],"product_tag":[],"class_list":{"0":"post-80880","1":"product","2":"type-product","3":"status-publish","4":"has-post-thumbnail","6":"product_cat-futbol","7":"product_cat-guantes-de-portero","8":"pa_brand-visita-la-store-de-adidas","10":"first","11":"instock","12":"shipping-taxable","13":"purchasable","14":"product-type-simple","15":"entry","16":"content-bg","17":"loop-entry"},"_links":{"self":[{"href":"https:\/\/futllermo.com\/tienda\/wp-json\/wp\/v2\/product\/80880","targetHints":{"allow":["GET"]}}],"collection":[{"href":"https:\/\/futllermo.com\/tienda\/wp-json\/wp\/v2\/product"}],"about":[{"href":"https:\/\/futllermo.com\/tienda\/wp-json\/wp\/v2\/types\/product"}],"replies":[{"embeddable":true,"href":"https:\/\/futllermo.com\/tienda\/wp-json\/wp\/v2\/comments?post=80880"}],"wp:featuredmedia":[{"embeddable":true,"href":"https:\/\/futllermo.com\/tienda\/wp-json\/wp\/v2\/media\/80885"}],"wp:attachment":[{"href":"https:\/\/futllermo.com\/tienda\/wp-json\/wp\/v2\/media?parent=80880"}],"wp:term":[{"taxonomy":"product_brand","embeddable":true,"href":"https:\/\/futllermo.com\/tienda\/wp-json\/wp\/v2\/product_brand?post=80880"},{"taxonomy":"product_cat","embeddable":true,"href":"https:\/\/futllermo.com\/tienda\/wp-json\/wp\/v2\/product_cat?post=80880"},{"taxonomy":"product_tag","embeddable":true,"href":"https:\/\/futllermo.com\/tienda\/wp-json\/wp\/v2\/product_tag?post=80880"}],"curies":[{"name":"wp","href":"https:\/\/api.w.org\/{rel}","templated":true}]}}