{"id":80871,"date":"2021-01-04T13:29:37","date_gmt":"2021-01-04T13:29:37","guid":{"rendered":"https:\/\/futllermo.com\/tienda\/producto\/sp-futbol-caos-pro-air-chr-guante-de-portero-green\/"},"modified":"2022-01-13T09:53:24","modified_gmt":"2022-01-13T09:53:24","slug":"sp-futbol-caos-pro-air-chr-guante-de-portero-green","status":"publish","type":"product","link":"https:\/\/futllermo.com\/tienda\/producto\/sp-futbol-caos-pro-air-chr-guante-de-portero-green\/","title":{"rendered":"SP F\u00fatbol Caos Pro Air CHR, Guante de Portero, Green"},"content":{"rendered":"<div class=\"disclaim\"> Color:<strong>Green<\/strong> | Tama\u00f1o:<strong>7<\/strong> <\/div>\n<p> <!-- show up to 2 reviews by default --> <\/p>\n<p>El verdadero buque insignia, el mismo que ser\u00e1 el encargado de dar soporte a los porteros profesionales y de desenmascarar, qui\u00e9n manda en las porter\u00edas. <\/p>\n","protected":false},"excerpt":{"rendered":"<p>Color:Green | Tama\u00f1o:7 El verdadero buque insignia, el mismo que ser\u00e1 el encargado de dar soporte a los porteros profesionales y de desenmascarar, qui\u00e9n manda en las porter\u00edas.<\/p>\n","protected":false},"featured_media":80872,"comment_status":"open","ping_status":"closed","template":"","meta":{"_kadence_starter_templates_imported_post":false,"_kad_post_transparent":"","_kad_post_title":"","_kad_post_layout":"","_kad_post_sidebar_id":"","_kad_post_content_style":"","_kad_post_vertical_padding":"","_kad_post_feature":"","_kad_post_feature_position":"","_kad_post_header":false,"_kad_post_footer":false},"product_brand":[],"product_cat":[450,361],"product_tag":[],"class_list":{"0":"post-80871","1":"product","2":"type-product","3":"status-publish","4":"has-post-thumbnail","6":"product_cat-futbol","7":"product_cat-guantes-de-portero","8":"pa_brand-visita-la-store-de-sp-futbol","10":"first","11":"instock","12":"shipping-taxable","13":"purchasable","14":"product-type-simple","15":"entry","16":"content-bg","17":"loop-entry"},"_links":{"self":[{"href":"https:\/\/futllermo.com\/tienda\/wp-json\/wp\/v2\/product\/80871","targetHints":{"allow":["GET"]}}],"collection":[{"href":"https:\/\/futllermo.com\/tienda\/wp-json\/wp\/v2\/product"}],"about":[{"href":"https:\/\/futllermo.com\/tienda\/wp-json\/wp\/v2\/types\/product"}],"replies":[{"embeddable":true,"href":"https:\/\/futllermo.com\/tienda\/wp-json\/wp\/v2\/comments?post=80871"}],"wp:featuredmedia":[{"embeddable":true,"href":"https:\/\/futllermo.com\/tienda\/wp-json\/wp\/v2\/media\/80872"}],"wp:attachment":[{"href":"https:\/\/futllermo.com\/tienda\/wp-json\/wp\/v2\/media?parent=80871"}],"wp:term":[{"taxonomy":"product_brand","embeddable":true,"href":"https:\/\/futllermo.com\/tienda\/wp-json\/wp\/v2\/product_brand?post=80871"},{"taxonomy":"product_cat","embeddable":true,"href":"https:\/\/futllermo.com\/tienda\/wp-json\/wp\/v2\/product_cat?post=80871"},{"taxonomy":"product_tag","embeddable":true,"href":"https:\/\/futllermo.com\/tienda\/wp-json\/wp\/v2\/product_tag?post=80871"}],"curies":[{"name":"wp","href":"https:\/\/api.w.org\/{rel}","templated":true}]}}