{"id":80852,"date":"2021-01-04T13:29:27","date_gmt":"2021-01-04T13:29:27","guid":{"rendered":"https:\/\/futllermo.com\/tienda\/producto\/sportout-juego-de-espinilleras-de-portero-para-ninos-y-ninas-guantes-de-entrenamiento-para-prevenir-lesiones\/"},"modified":"2022-01-13T09:53:24","modified_gmt":"2022-01-13T09:53:24","slug":"sportout-juego-de-espinilleras-de-portero-para-ninos-y-ninas-guantes-de-entrenamiento-para-prevenir-lesiones","status":"publish","type":"product","link":"https:\/\/futllermo.com\/tienda\/producto\/sportout-juego-de-espinilleras-de-portero-para-ninos-y-ninas-guantes-de-entrenamiento-para-prevenir-lesiones\/","title":{"rendered":"SPORTOUT Juego de guantes de portero para ni\u00f1os y ni\u00f1as, guantes de entrenamiento para evitar lesiones"},"content":{"rendered":"<p><!-- show up to 2 reviews by default --> <\/p>\n<p>Sportout se centra en tu mejor experiencia. <\/p>\n<p>Acerca de Sportout <br \/>Sportout es una marca joven y din\u00e1mica de Internet. Estamos comprometidos a ofrecer el mejor cliente. <br \/>experiencia. La calidad del producto es nuestra vida, la mejor experiencia es nuestro prop\u00f3sito. <\/p>\n<p>Acerca del producto: <br \/>Los guantes de portero Sportout son la elecci\u00f3n perfecta para tus hijos que tienen un gran sue\u00f1o de f\u00fatbol. <br \/>Tambi\u00e9n es perfecto para una patada familiar en el jard\u00edn trasero. <br \/>Proporciona apoyo y comodidad. <br \/>Los guantes de portero est\u00e1n hechos con material transpirable que puede eliminar el sudor de la piel. <br \/>eficaz y puede garantizar comodidad, agarre y estabilidad, lo que las convierte en una gran adici\u00f3n a cualquier <br \/>Kit de cuidadores. <\/p>\n<p>C\u00f3mo cuidar los guantes de portero. <br \/>Cuidar los guantes de portero no es dif\u00edcil, con poco m\u00e1s que una limpieza r\u00e1pida con un pa\u00f1o h\u00famedo. <br \/>despu\u00e9s de su uso antes de dejar que se sequen de forma natural. No hay necesidad de usar detergentes y <br \/>Los guantes deben almacenarse lejos de fuentes de calor directo y de la luz solar cuando no est\u00e9n en uso. <br \/>Sobre el tama\u00f1o: comprueba la 7\u00aa imagen principal para elegir tu talla. <br \/>As\u00ed que si tienes manos muy grandes o peque\u00f1as para tu tama\u00f1o, por favor ajusta tu elecci\u00f3n para que coincida. <br \/>Ni\u00f1os de 5 a 10 a\u00f1os; j\u00f3venes de 10 a 16 a\u00f1os aproximadamente. <br \/>Garant\u00eda: <br \/>*Un a\u00f1o de garant\u00eda de Sportout. <br \/>*Tu satisfacci\u00f3n es nuestra m\u00e1xima prioridad. No dudes en ponerte en contacto con nosotros para cualquier pregunta <br \/>nuestros productos y env\u00edos. <br \/>A\u00f1ade estos guantes de portero a tu carrito de compras haciendo clic en el bot\u00f3n superior derecho de la p\u00e1gina. <\/p>\n<p>Doble protecci\u00f3n para la mu\u00f1eca: estos guantes de f\u00fatbol tienen una pulsera de doble dise\u00f1o cuya capa de forro es el\u00e1stica y el exterior es de velcro ajustado con correa el\u00e1stica, por lo que pueden ofrecer una protecci\u00f3n m\u00e1s segura para reducir el riesgo de esguinces de mu\u00f1eca de tu hijo. El dise\u00f1o de apertura de la mu\u00f1eca hace que sea m\u00e1s f\u00e1cil llevar guantes.<br \/>\nProtecci\u00f3n perfecta de la palma: espuma de l\u00e1tex en relieve antideslizante y port\u00e1til que puede ofrecer m\u00e1s protecci\u00f3n de amortiguaci\u00f3n a la palma de tu chirld. El dise\u00f1o de malla mantiene las palmas transpirables y c\u00f3modas durante el juego.<br \/>\nDuradero y c\u00f3modo: hecho de materiales compuestos de alta calidad de EVA y l\u00e1tex, protege la palma del ni\u00f1o muy bien, por lo que estos guantes son adecuados para su uso por pap\u00e1 en el jard\u00edn trasero con los ni\u00f1os. Adem\u00e1s, la parte trasera suave proporciona m\u00e1s flexibilidad para atrapar la pelota.<br \/>\nDise\u00f1o perfecto: verde y azul vibrante, corte ergon\u00f3mico, da a tus hijos la mejor experiencia de f\u00fatbol. Estos guantes de portero perfectos son adecuados para ni\u00f1os y j\u00f3venes (ni\u00f1os de 5 a 10 a\u00f1os; j\u00f3venes de 10 a 16 a\u00f1os aproximadamente), ya sea en entrenamiento o partido.<br \/>\nGarant\u00eda: 100% garant\u00eda de devoluci\u00f3n de dinero, si hay alg\u00fan problema con el producto, puedes sentirte libre de ponerte en contacto con nosotros, te devolveremos el dinero.<\/p>\n","protected":false},"excerpt":{"rendered":"<p>Doble protecci\u00f3n para la mu\u00f1eca: estos guantes de f\u00fatbol tienen una pulsera de doble dise\u00f1o cuya capa de forro es el\u00e1stica y el exterior es de velcro ajustado con correa el\u00e1stica, por lo que pueden ofrecer una protecci\u00f3n m\u00e1s segura para reducir el riesgo de esguinces de mu\u00f1eca de tu hijo. El dise\u00f1o de apertura de la mu\u00f1eca hace que sea m\u00e1s f\u00e1cil llevar guantes.<br \/>\nProtecci\u00f3n perfecta de la palma: espuma de l\u00e1tex en relieve antideslizante y port\u00e1til que puede ofrecer m\u00e1s protecci\u00f3n de amortiguaci\u00f3n a la palma de tu chirld. El dise\u00f1o de malla mantiene las palmas transpirables y c\u00f3modas durante el juego.<br \/>\nDuradero y c\u00f3modo: hecho de materiales compuestos de alta calidad de EVA y l\u00e1tex, protege la palma del ni\u00f1o muy bien, por lo que estos guantes son adecuados para su uso por pap\u00e1 en el jard\u00edn trasero con los ni\u00f1os. Adem\u00e1s, la parte trasera suave proporciona m\u00e1s flexibilidad para atrapar la pelota.<\/p>\n","protected":false},"featured_media":80853,"comment_status":"open","ping_status":"closed","template":"","meta":{"_kadence_starter_templates_imported_post":false,"_kad_post_transparent":"","_kad_post_title":"","_kad_post_layout":"","_kad_post_sidebar_id":"","_kad_post_content_style":"","_kad_post_vertical_padding":"","_kad_post_feature":"","_kad_post_feature_position":"","_kad_post_header":false,"_kad_post_footer":false},"product_brand":[],"product_cat":[450,361],"product_tag":[],"class_list":{"0":"post-80852","1":"product","2":"type-product","3":"status-publish","4":"has-post-thumbnail","6":"product_cat-futbol","7":"product_cat-guantes-de-portero","8":"pa_brand-marca-sportout","10":"first","11":"instock","12":"shipping-taxable","13":"purchasable","14":"product-type-simple","15":"entry","16":"content-bg","17":"loop-entry"},"_links":{"self":[{"href":"https:\/\/futllermo.com\/tienda\/wp-json\/wp\/v2\/product\/80852","targetHints":{"allow":["GET"]}}],"collection":[{"href":"https:\/\/futllermo.com\/tienda\/wp-json\/wp\/v2\/product"}],"about":[{"href":"https:\/\/futllermo.com\/tienda\/wp-json\/wp\/v2\/types\/product"}],"replies":[{"embeddable":true,"href":"https:\/\/futllermo.com\/tienda\/wp-json\/wp\/v2\/comments?post=80852"}],"wp:featuredmedia":[{"embeddable":true,"href":"https:\/\/futllermo.com\/tienda\/wp-json\/wp\/v2\/media\/80853"}],"wp:attachment":[{"href":"https:\/\/futllermo.com\/tienda\/wp-json\/wp\/v2\/media?parent=80852"}],"wp:term":[{"taxonomy":"product_brand","embeddable":true,"href":"https:\/\/futllermo.com\/tienda\/wp-json\/wp\/v2\/product_brand?post=80852"},{"taxonomy":"product_cat","embeddable":true,"href":"https:\/\/futllermo.com\/tienda\/wp-json\/wp\/v2\/product_cat?post=80852"},{"taxonomy":"product_tag","embeddable":true,"href":"https:\/\/futllermo.com\/tienda\/wp-json\/wp\/v2\/product_tag?post=80852"}],"curies":[{"name":"wp","href":"https:\/\/api.w.org\/{rel}","templated":true}]}}