{"id":80843,"date":"2021-01-04T13:29:20","date_gmt":"2021-01-04T13:29:20","guid":{"rendered":"https:\/\/futllermo.com\/tienda\/producto\/uhlsport-tensiongreen-soft-pro-guantes-de-portero-unisex-adulto\/"},"modified":"2022-01-13T09:53:24","modified_gmt":"2022-01-13T09:53:24","slug":"uhlsport-tensiongreen-soft-pro-guantes-de-portero-unisex-adulto","status":"publish","type":"product","link":"https:\/\/futllermo.com\/tienda\/producto\/uhlsport-tensiongreen-soft-pro-guantes-de-portero-unisex-adulto\/","title":{"rendered":"uhlsport Tensiongreen Soft Pro Guantes de Portero, Unisex Adulto"},"content":{"rendered":"<p><!-- show up to 2 reviews by default --> <\/p>\n<p>Palma:. l\u00e1tex SOFT DORSO:. l\u00e1tex CORTE:. Corte cl\u00e1sico optimizados para la captura del bal\u00f3n CUERPO DEL GUANTE:. Textil el\u00e1stico para un buen confort CIERRE:. Correa envolvente EVA y media banda . <\/p>\n<p>Palma: l\u00e1tex soft dorso: l\u00e1tex corte: corte cl\u00e1sico optimizados para la captura del bal\u00f3n<br \/>\nCuerpo del guante: textil el\u00e1stico para un buen confort<br \/>\n100% Poli\u00e9ster<br \/>\nTensiongreen Soft Pro<br \/>\nCierre: correa envolvente eva y media banda<\/p>\n","protected":false},"excerpt":{"rendered":"<p>Palma: l\u00e1tex soft dorso: l\u00e1tex corte: corte cl\u00e1sico optimizados para la captura del bal\u00f3n<br \/>\nCuerpo del guante: textil el\u00e1stico para un buen confort<br \/>\n100% Poli\u00e9ster<\/p>\n","protected":false},"featured_media":80844,"comment_status":"open","ping_status":"closed","template":"","meta":{"_kadence_starter_templates_imported_post":false,"_kad_post_transparent":"","_kad_post_title":"","_kad_post_layout":"","_kad_post_sidebar_id":"","_kad_post_content_style":"","_kad_post_vertical_padding":"","_kad_post_feature":"","_kad_post_feature_position":"","_kad_post_header":false,"_kad_post_footer":false},"product_brand":[],"product_cat":[450,361],"product_tag":[],"class_list":{"0":"post-80843","1":"product","2":"type-product","3":"status-publish","4":"has-post-thumbnail","6":"product_cat-futbol","7":"product_cat-guantes-de-portero","8":"pa_brand-marca-uhlsport","10":"first","11":"instock","12":"shipping-taxable","13":"purchasable","14":"product-type-simple","15":"entry","16":"content-bg","17":"loop-entry"},"_links":{"self":[{"href":"https:\/\/futllermo.com\/tienda\/wp-json\/wp\/v2\/product\/80843","targetHints":{"allow":["GET"]}}],"collection":[{"href":"https:\/\/futllermo.com\/tienda\/wp-json\/wp\/v2\/product"}],"about":[{"href":"https:\/\/futllermo.com\/tienda\/wp-json\/wp\/v2\/types\/product"}],"replies":[{"embeddable":true,"href":"https:\/\/futllermo.com\/tienda\/wp-json\/wp\/v2\/comments?post=80843"}],"wp:featuredmedia":[{"embeddable":true,"href":"https:\/\/futllermo.com\/tienda\/wp-json\/wp\/v2\/media\/80844"}],"wp:attachment":[{"href":"https:\/\/futllermo.com\/tienda\/wp-json\/wp\/v2\/media?parent=80843"}],"wp:term":[{"taxonomy":"product_brand","embeddable":true,"href":"https:\/\/futllermo.com\/tienda\/wp-json\/wp\/v2\/product_brand?post=80843"},{"taxonomy":"product_cat","embeddable":true,"href":"https:\/\/futllermo.com\/tienda\/wp-json\/wp\/v2\/product_cat?post=80843"},{"taxonomy":"product_tag","embeddable":true,"href":"https:\/\/futllermo.com\/tienda\/wp-json\/wp\/v2\/product_tag?post=80843"}],"curies":[{"name":"wp","href":"https:\/\/api.w.org\/{rel}","templated":true}]}}