{"id":80836,"date":"2021-01-04T13:29:17","date_gmt":"2021-01-04T13:29:17","guid":{"rendered":"https:\/\/futllermo.com\/tienda\/producto\/guantes-de-portero-de-futbol-para-ninos-diseno-del-west-brom\/"},"modified":"2022-01-13T09:53:24","modified_gmt":"2022-01-13T09:53:24","slug":"guantes-de-portero-de-futbol-para-ninos-diseno-del-west-brom","status":"publish","type":"product","link":"https:\/\/futllermo.com\/tienda\/producto\/guantes-de-portero-de-futbol-para-ninos-diseno-del-west-brom\/","title":{"rendered":"Guantes de portero de f\u00fatbol para ni\u00f1os, dise\u00f1o del West Brom"},"content":{"rendered":"<p><!-- show up to 2 reviews by default --> <\/p>\n<p><b> Garant\u00eda de ARSUK \u00abComun\u00edquese con nosotros antes de hacer cualquier cr\u00edtica o comentario, si no est\u00e1 satisfecho con nuestro producto y nos aseguraremos de que est\u00e9 satisfecho\u00bb. <\/b> <\/p>\n<p><b> Principales cualidades: <\/b> <br \/> &#8211; Guantes de portero para ni\u00f1os <br \/> &#8211; Dise\u00f1o de corte en rollo <br \/> &#8211; Protecci\u00f3n de las espinas de los dedos y destreza <br \/> &#8211; Guantes para todo clima para uso durante todo el a\u00f1o <br \/> &#8211; T\u00fanel de mu\u00f1eca el\u00e1stico <br \/> &#8211; Tocar y cerrar el cierre <br \/> &#8211; Tama\u00f1o de guantes: 06, Longitud: 15 cm <\/p>\n<p><b> Contenido del paquete: <\/b> <br \/> &#8211; 1 par de guantes <\/p>\n<p><b> Debido a la diferencia en los monitores, la imagen puede no reflejar el color real del art\u00edculo. <\/b> <\/p>\n<p>\ud83e\udde4 Guantes de portero WEST BROM Football Club para junior, Edad: 9 a\u00f1os a 12 a\u00f1os.<br \/>\n\ud83e\udde4 Tama\u00f1o de guantes: 06, Longitud: 15 cm.<br \/>\n\ud83e\udde4 PROTECCI\u00d3N DE PALMA PERFECTA: &#8211; Espuma de l\u00e1tex en relieve Antideslizante y ponible que puede ofrecer una mayor protecci\u00f3n de amortiguaci\u00f3n en la palma de su hijo. El dise\u00f1o de malla mantiene las palmas transpirables y c\u00f3modas durante el juego.<br \/>\n\ud83e\udde4 Dise\u00f1o de corte de rollo y excelente amortiguaci\u00f3n en la toma de bolas.<br \/>\n\ud83e\udde4 Comodidad para las manos del portero, salvaciones m\u00e1s duras y excelente protecci\u00f3n para los dedos.<\/p>\n","protected":false},"excerpt":{"rendered":"<p>\ud83e\udde4 Guantes de portero WEST BROM Football Club para junior, Edad: 9 a\u00f1os a 12 a\u00f1os.<br \/>\n\ud83e\udde4 Tama\u00f1o de guantes: 06, Longitud: 15 cm.<br \/>\n\ud83e\udde4 PROTECCI\u00d3N DE PALMA PERFECTA: &#8211; Espuma de l\u00e1tex en relieve Antideslizante y ponible que puede ofrecer una mayor protecci\u00f3n de amortiguaci\u00f3n en la palma de su hijo. El dise\u00f1o de malla mantiene las palmas transpirables y c\u00f3modas durante el juego.<\/p>\n","protected":false},"featured_media":80837,"comment_status":"open","ping_status":"closed","template":"","meta":{"_kadence_starter_templates_imported_post":false,"_kad_post_transparent":"","_kad_post_title":"","_kad_post_layout":"","_kad_post_sidebar_id":"","_kad_post_content_style":"","_kad_post_vertical_padding":"","_kad_post_feature":"","_kad_post_feature_position":"","_kad_post_header":false,"_kad_post_footer":false},"product_brand":[],"product_cat":[450,361],"product_tag":[],"class_list":{"0":"post-80836","1":"product","2":"type-product","3":"status-publish","4":"has-post-thumbnail","6":"product_cat-futbol","7":"product_cat-guantes-de-portero","8":"pa_brand-marca-arsuk","10":"first","11":"instock","12":"shipping-taxable","13":"purchasable","14":"product-type-simple","15":"entry","16":"content-bg","17":"loop-entry"},"_links":{"self":[{"href":"https:\/\/futllermo.com\/tienda\/wp-json\/wp\/v2\/product\/80836","targetHints":{"allow":["GET"]}}],"collection":[{"href":"https:\/\/futllermo.com\/tienda\/wp-json\/wp\/v2\/product"}],"about":[{"href":"https:\/\/futllermo.com\/tienda\/wp-json\/wp\/v2\/types\/product"}],"replies":[{"embeddable":true,"href":"https:\/\/futllermo.com\/tienda\/wp-json\/wp\/v2\/comments?post=80836"}],"wp:featuredmedia":[{"embeddable":true,"href":"https:\/\/futllermo.com\/tienda\/wp-json\/wp\/v2\/media\/80837"}],"wp:attachment":[{"href":"https:\/\/futllermo.com\/tienda\/wp-json\/wp\/v2\/media?parent=80836"}],"wp:term":[{"taxonomy":"product_brand","embeddable":true,"href":"https:\/\/futllermo.com\/tienda\/wp-json\/wp\/v2\/product_brand?post=80836"},{"taxonomy":"product_cat","embeddable":true,"href":"https:\/\/futllermo.com\/tienda\/wp-json\/wp\/v2\/product_cat?post=80836"},{"taxonomy":"product_tag","embeddable":true,"href":"https:\/\/futllermo.com\/tienda\/wp-json\/wp\/v2\/product_tag?post=80836"}],"curies":[{"name":"wp","href":"https:\/\/api.w.org\/{rel}","templated":true}]}}