{"id":80816,"date":"2021-01-04T13:29:07","date_gmt":"2021-01-04T13:29:07","guid":{"rendered":"https:\/\/futllermo.com\/tienda\/producto\/catch-keep-nero-deep-dark-guantes-de-portero-profesionales-para-adultos-con-agarre-interno-extremadamente-fuerte-y-corte-perfecto-palma-de-neopreno-para-maxima-seguridad\/"},"modified":"2022-01-13T09:53:23","modified_gmt":"2022-01-13T09:53:23","slug":"catch-keep-nero-deep-dark-guantes-de-portero-profesionales-para-adultos-con-agarre-interno-extremadamente-fuerte-y-corte-perfecto-palma-de-neopreno-para-maxima-seguridad","status":"publish","type":"product","link":"https:\/\/futllermo.com\/tienda\/producto\/catch-keep-nero-deep-dark-guantes-de-portero-profesionales-para-adultos-con-agarre-interno-extremadamente-fuerte-y-corte-perfecto-palma-de-neopreno-para-maxima-seguridad\/","title":{"rendered":"CATCH &amp; KEEP Nero Deep Dark &#8211; Guantes de portero profesionales para adultos, con agarre interno extremadamente fuerte y\u2026"},"content":{"rendered":"<p>I-GRIP &amp; NEGATIVE DYNAMIC CUT: la innovaci\u00f3n I-Grip ofrece en el interior una sujeci\u00f3n bomb\u00e1stica y un ajuste perfecto, que se siente como una segunda piel en tus dedos y proporciona una transmisi\u00f3n directa de impulso al contacto.<br \/>\nAgarre Octopus extremadamente fuerte: con el legendario mango Octopus de 4 mm puedes absorber la pelota formalmente. Utiliza el agarre m\u00e1s fuerte y duradero del mercado fabricado por los mejores expertos del mundo, ahora tambi\u00e9n para tu juego de portero.<br \/>\nPunching Zone 2.0: punchar nunca ha sido m\u00e1s f\u00e1cil y seguro que con la Nero Deep Dark. Con la innovadora tecnolog\u00eda Punching Zone 2.0 tendr\u00e1s la protecci\u00f3n perfecta para ti y tambi\u00e9n para tu porter\u00eda y al mismo tiempo la m\u00e1xima potencia de perforaci\u00f3n.<br \/>\nNew Light NEOPREN Backhand: los guantes de portero Nero Deep Dark destacan por una extremadamente alta resistencia, ya que solo se utilizan materiales de la m\u00e1s alta calidad y optimizados para una m\u00e1xima seguridad y al mismo tiempo una perfecta movilidad.<br \/>\nMu\u00f1equera el\u00e1stica f\u00e1cil de poner y quitar. Incluye Fijar los guantes de portero funciona r\u00e1pidamente gracias a las mu\u00f1equeras el\u00e1sticas para la mu\u00f1eca, lo que te permite disfrutar de una comodidad inimitable en cada movimiento.<\/p>\n","protected":false},"excerpt":{"rendered":"<p>I-GRIP &amp; NEGATIVE DYNAMIC CUT: la innovaci\u00f3n I-Grip ofrece en el interior una sujeci\u00f3n bomb\u00e1stica y un ajuste perfecto, que se siente como una segunda piel en tus dedos y proporciona una transmisi\u00f3n directa de impulso al contacto.<br \/>\nAgarre Octopus extremadamente fuerte: con el legendario mango Octopus de 4 mm puedes absorber la pelota formalmente. Utiliza el agarre m\u00e1s fuerte y duradero del mercado fabricado por los mejores expertos del mundo, ahora tambi\u00e9n para tu juego de portero.<br \/>\nPunching Zone 2.0: punchar nunca ha sido m\u00e1s f\u00e1cil y seguro que con la Nero Deep Dark. Con la innovadora tecnolog\u00eda Punching Zone 2.0 tendr\u00e1s la protecci\u00f3n perfecta para ti y tambi\u00e9n para tu porter\u00eda y al mismo tiempo la m\u00e1xima potencia de perforaci\u00f3n.<\/p>\n","protected":false},"featured_media":80820,"comment_status":"open","ping_status":"closed","template":"","meta":{"_kadence_starter_templates_imported_post":false,"_kad_post_transparent":"","_kad_post_title":"","_kad_post_layout":"","_kad_post_sidebar_id":"","_kad_post_content_style":"","_kad_post_vertical_padding":"","_kad_post_feature":"","_kad_post_feature_position":"","_kad_post_header":false,"_kad_post_footer":false},"product_brand":[],"product_cat":[450,361],"product_tag":[],"class_list":{"0":"post-80816","1":"product","2":"type-product","3":"status-publish","4":"has-post-thumbnail","6":"product_cat-futbol","7":"product_cat-guantes-de-portero","8":"pa_brand-marca-catch-keep","10":"first","11":"instock","12":"shipping-taxable","13":"purchasable","14":"product-type-simple","15":"entry","16":"content-bg","17":"loop-entry"},"_links":{"self":[{"href":"https:\/\/futllermo.com\/tienda\/wp-json\/wp\/v2\/product\/80816","targetHints":{"allow":["GET"]}}],"collection":[{"href":"https:\/\/futllermo.com\/tienda\/wp-json\/wp\/v2\/product"}],"about":[{"href":"https:\/\/futllermo.com\/tienda\/wp-json\/wp\/v2\/types\/product"}],"replies":[{"embeddable":true,"href":"https:\/\/futllermo.com\/tienda\/wp-json\/wp\/v2\/comments?post=80816"}],"wp:featuredmedia":[{"embeddable":true,"href":"https:\/\/futllermo.com\/tienda\/wp-json\/wp\/v2\/media\/80820"}],"wp:attachment":[{"href":"https:\/\/futllermo.com\/tienda\/wp-json\/wp\/v2\/media?parent=80816"}],"wp:term":[{"taxonomy":"product_brand","embeddable":true,"href":"https:\/\/futllermo.com\/tienda\/wp-json\/wp\/v2\/product_brand?post=80816"},{"taxonomy":"product_cat","embeddable":true,"href":"https:\/\/futllermo.com\/tienda\/wp-json\/wp\/v2\/product_cat?post=80816"},{"taxonomy":"product_tag","embeddable":true,"href":"https:\/\/futllermo.com\/tienda\/wp-json\/wp\/v2\/product_tag?post=80816"}],"curies":[{"name":"wp","href":"https:\/\/api.w.org\/{rel}","templated":true}]}}