{"id":80815,"date":"2021-01-04T13:29:05","date_gmt":"2021-01-04T13:29:05","guid":{"rendered":"https:\/\/futllermo.com\/tienda\/producto\/nike-nk-gk-match-jr-fa18-guantes-de-portero-unisex-ninos\/"},"modified":"2022-01-13T09:53:23","modified_gmt":"2022-01-13T09:53:23","slug":"nike-nk-gk-match-jr-fa18-guantes-de-portero-unisex-ninos","status":"publish","type":"product","link":"https:\/\/futllermo.com\/tienda\/producto\/nike-nk-gk-match-jr-fa18-guantes-de-portero-unisex-ninos\/","title":{"rendered":"NIKE Nk Gk Match Jr-fa18 Guantes de Portero, Unisex ni\u00f1os"},"content":{"rendered":"<p><!-- show up to 2 reviews by default --> <\/p>\n<p>El Nike junior match Goalkeeper &#8211; Guante de f\u00fatbol para ni\u00f1os ofrece un acolchado suave para amortiguar el impacto de la pelota en las manos, y permite agarre en los tiros de impacto m\u00e1s r\u00e1pidos en todas las condiciones. Espuma de l\u00e1tex suave en la palma para un buen agarre en diferentes condiciones. Pu\u00f1o con cierre de velcro para un ajuste c\u00f3modo y seguro. Inserciones perforadas en los dedos mejoran la circulaci\u00f3n de aire. Amortiguaci\u00f3n estrat\u00e9gica para absorber el impacto de los disparos. <\/p>\n<p>Soft padding<br \/>\nStrategic cushioning<br \/>\n42% Poliuretano, 31% Latex, 18% Eva, 9% Poliamida<br \/>\nNK GK MATCH JR-FA18<br \/>\nCuff with velcro closure<\/p>\n","protected":false},"excerpt":{"rendered":"<p>Soft padding<br \/>\nStrategic cushioning<br \/>\n42% Poliuretano, 31% Latex, 18% Eva, 9% Poliamida<\/p>\n","protected":false},"featured_media":80817,"comment_status":"open","ping_status":"closed","template":"","meta":{"_kadence_starter_templates_imported_post":false,"_kad_post_transparent":"","_kad_post_title":"","_kad_post_layout":"","_kad_post_sidebar_id":"","_kad_post_content_style":"","_kad_post_vertical_padding":"","_kad_post_feature":"","_kad_post_feature_position":"","_kad_post_header":false,"_kad_post_footer":false},"product_brand":[],"product_cat":[450,361],"product_tag":[],"class_list":{"0":"post-80815","1":"product","2":"type-product","3":"status-publish","4":"has-post-thumbnail","6":"product_cat-futbol","7":"product_cat-guantes-de-portero","8":"pa_brand-visita-la-store-de-nike","10":"first","11":"instock","12":"shipping-taxable","13":"purchasable","14":"product-type-simple","15":"entry","16":"content-bg","17":"loop-entry"},"_links":{"self":[{"href":"https:\/\/futllermo.com\/tienda\/wp-json\/wp\/v2\/product\/80815","targetHints":{"allow":["GET"]}}],"collection":[{"href":"https:\/\/futllermo.com\/tienda\/wp-json\/wp\/v2\/product"}],"about":[{"href":"https:\/\/futllermo.com\/tienda\/wp-json\/wp\/v2\/types\/product"}],"replies":[{"embeddable":true,"href":"https:\/\/futllermo.com\/tienda\/wp-json\/wp\/v2\/comments?post=80815"}],"wp:featuredmedia":[{"embeddable":true,"href":"https:\/\/futllermo.com\/tienda\/wp-json\/wp\/v2\/media\/80817"}],"wp:attachment":[{"href":"https:\/\/futllermo.com\/tienda\/wp-json\/wp\/v2\/media?parent=80815"}],"wp:term":[{"taxonomy":"product_brand","embeddable":true,"href":"https:\/\/futllermo.com\/tienda\/wp-json\/wp\/v2\/product_brand?post=80815"},{"taxonomy":"product_cat","embeddable":true,"href":"https:\/\/futllermo.com\/tienda\/wp-json\/wp\/v2\/product_cat?post=80815"},{"taxonomy":"product_tag","embeddable":true,"href":"https:\/\/futllermo.com\/tienda\/wp-json\/wp\/v2\/product_tag?post=80815"}],"curies":[{"name":"wp","href":"https:\/\/api.w.org\/{rel}","templated":true}]}}