{"id":80809,"date":"2021-01-04T13:28:59","date_gmt":"2021-01-04T13:28:59","guid":{"rendered":"https:\/\/futllermo.com\/tienda\/producto\/reusch-attrakt-sd-open-cuff-finger-support-nino-guante-de-portero-black-shocking-orange-deep-blue\/"},"modified":"2022-01-13T09:53:23","modified_gmt":"2022-01-13T09:53:23","slug":"reusch-attrakt-sd-open-cuff-finger-support-nino-guante-de-portero-black-shocking-orange-deep-blue","status":"publish","type":"product","link":"https:\/\/futllermo.com\/tienda\/producto\/reusch-attrakt-sd-open-cuff-finger-support-nino-guante-de-portero-black-shocking-orange-deep-blue\/","title":{"rendered":"Reusch Attrakt SD Open Cuff Finger Support Ni\u00f1o, Guante de Portero, Black-Shocking Orange-Deep Blue"},"content":{"rendered":"<p><!-- show up to 2 reviews by default --> <\/p>\n<p>Guante Attrakt SD Open Cuff Finger Support Ni\u00f1o Black-Shocking orange-Deep blueLa silueta Attrakt es puro Reusch, el estilo m\u00e1s cl\u00e1sico que se separa ligeramente de la tendencia de guante minimalistas y consigue un guante con un equilibrio perfecto que destila ese aroma cl\u00e1sico que hizo de Reusch una referencia en los a\u00f1os 80 y 90. <\/p>\n","protected":false},"excerpt":{"rendered":"<p>Guante Attrakt SD Open Cuff Finger Support Ni\u00f1o Black-Shocking orange-Deep blueLa silueta Attrakt es puro Reusch, el estilo m\u00e1s cl\u00e1sico que se separa ligeramente de la tendencia de guante minimalistas y consigue un guante con un equilibrio perfecto que destila ese aroma cl\u00e1sico que hizo de Reusch una referencia en los a\u00f1os 80 y 90.<\/p>\n","protected":false},"featured_media":80810,"comment_status":"open","ping_status":"closed","template":"","meta":{"_kadence_starter_templates_imported_post":false,"_kad_post_transparent":"","_kad_post_title":"","_kad_post_layout":"","_kad_post_sidebar_id":"","_kad_post_content_style":"","_kad_post_vertical_padding":"","_kad_post_feature":"","_kad_post_feature_position":"","_kad_post_header":false,"_kad_post_footer":false},"product_brand":[],"product_cat":[450,361],"product_tag":[],"class_list":{"0":"post-80809","1":"product","2":"type-product","3":"status-publish","4":"has-post-thumbnail","6":"product_cat-futbol","7":"product_cat-guantes-de-portero","8":"pa_brand-marca-reusch","10":"first","11":"instock","12":"shipping-taxable","13":"purchasable","14":"product-type-simple","15":"entry","16":"content-bg","17":"loop-entry"},"_links":{"self":[{"href":"https:\/\/futllermo.com\/tienda\/wp-json\/wp\/v2\/product\/80809","targetHints":{"allow":["GET"]}}],"collection":[{"href":"https:\/\/futllermo.com\/tienda\/wp-json\/wp\/v2\/product"}],"about":[{"href":"https:\/\/futllermo.com\/tienda\/wp-json\/wp\/v2\/types\/product"}],"replies":[{"embeddable":true,"href":"https:\/\/futllermo.com\/tienda\/wp-json\/wp\/v2\/comments?post=80809"}],"wp:featuredmedia":[{"embeddable":true,"href":"https:\/\/futllermo.com\/tienda\/wp-json\/wp\/v2\/media\/80810"}],"wp:attachment":[{"href":"https:\/\/futllermo.com\/tienda\/wp-json\/wp\/v2\/media?parent=80809"}],"wp:term":[{"taxonomy":"product_brand","embeddable":true,"href":"https:\/\/futllermo.com\/tienda\/wp-json\/wp\/v2\/product_brand?post=80809"},{"taxonomy":"product_cat","embeddable":true,"href":"https:\/\/futllermo.com\/tienda\/wp-json\/wp\/v2\/product_cat?post=80809"},{"taxonomy":"product_tag","embeddable":true,"href":"https:\/\/futllermo.com\/tienda\/wp-json\/wp\/v2\/product_tag?post=80809"}],"curies":[{"name":"wp","href":"https:\/\/api.w.org\/{rel}","templated":true}]}}