{"id":80786,"date":"2021-01-04T13:28:49","date_gmt":"2021-01-04T13:28:49","guid":{"rendered":"https:\/\/futllermo.com\/tienda\/producto\/real-madrid-guantes-de-portero-infantil-pequeno-talla-1-xs\/"},"modified":"2022-01-13T09:53:22","modified_gmt":"2022-01-13T09:53:22","slug":"real-madrid-guantes-de-portero-infantil-pequeno-talla-1-xs","status":"publish","type":"product","link":"https:\/\/futllermo.com\/tienda\/producto\/real-madrid-guantes-de-portero-infantil-pequeno-talla-1-xs\/","title":{"rendered":"Guantes Portero Real Madrid ni\u00f1o Blanco Negro Escudo [AB9144]"},"content":{"rendered":"<p><!-- show up to 2 reviews by default --> <\/p>\n<h3>Descripci\u00f3n del producto<\/h3>\n<p>Guantes de Portero Real Madrid &#8211; Infantil peque\u00f1o &#8211; Talla 1 (XS). &#8211; Medida exterior 18 x 8,5 cm. Este art\u00edculo es un producto oficial licenciado &#8211; En el caso de duda sobre este art\u00edculo, solicitar informaci\u00f3n adicional. <\/p>\n<h3>Aviso legal<\/h3>\n<p>REAL MADRID &#8211; GARANTIA &#8211; Producto oficial licenciado, tiene una etiqueta de seguridad con el n\u00famero de serie diferente en el holograma. En el caso de duda sobre este art\u00edculo, solicitar informaci\u00f3n adicional. <\/p>\n<p>Guantes de Portero Real Madrid &#8211; Producto licenciado &#8211; Infantil Talla 1 XS &#8211; Medida exterior 18 x 8,5 cm.<br \/>\nMUY IMPORTANTE &#8211; Conprobar bien las medidas para evitar devoluciones<br \/>\nMedida exterior 18 x 8,5 cm.<br \/>\nNi\u00f1o<br \/>\nF\u00fatbol<\/p>\n","protected":false},"excerpt":{"rendered":"<p>Guantes de Portero Real Madrid &#8211; Producto licenciado &#8211; Infantil Talla 1 XS &#8211; Medida exterior 18 x 8,5 cm.<br \/>\nMUY IMPORTANTE &#8211; Conprobar bien las medidas para evitar devoluciones<br \/>\nMedida exterior 18 x 8,5 cm.<\/p>\n","protected":false},"featured_media":80787,"comment_status":"open","ping_status":"closed","template":"","meta":{"_kadence_starter_templates_imported_post":false,"_kad_post_transparent":"","_kad_post_title":"","_kad_post_layout":"","_kad_post_sidebar_id":"","_kad_post_content_style":"","_kad_post_vertical_padding":"","_kad_post_feature":"","_kad_post_feature_position":"","_kad_post_header":false,"_kad_post_footer":false},"product_brand":[],"product_cat":[450,361],"product_tag":[],"class_list":{"0":"post-80786","1":"product","2":"type-product","3":"status-publish","4":"has-post-thumbnail","6":"product_cat-futbol","7":"product_cat-guantes-de-portero","8":"pa_brand-marca-producto-oficial-licenciado-real-madrid","10":"first","11":"instock","12":"shipping-taxable","13":"purchasable","14":"product-type-simple","15":"entry","16":"content-bg","17":"loop-entry"},"_links":{"self":[{"href":"https:\/\/futllermo.com\/tienda\/wp-json\/wp\/v2\/product\/80786","targetHints":{"allow":["GET"]}}],"collection":[{"href":"https:\/\/futllermo.com\/tienda\/wp-json\/wp\/v2\/product"}],"about":[{"href":"https:\/\/futllermo.com\/tienda\/wp-json\/wp\/v2\/types\/product"}],"replies":[{"embeddable":true,"href":"https:\/\/futllermo.com\/tienda\/wp-json\/wp\/v2\/comments?post=80786"}],"wp:featuredmedia":[{"embeddable":true,"href":"https:\/\/futllermo.com\/tienda\/wp-json\/wp\/v2\/media\/80787"}],"wp:attachment":[{"href":"https:\/\/futllermo.com\/tienda\/wp-json\/wp\/v2\/media?parent=80786"}],"wp:term":[{"taxonomy":"product_brand","embeddable":true,"href":"https:\/\/futllermo.com\/tienda\/wp-json\/wp\/v2\/product_brand?post=80786"},{"taxonomy":"product_cat","embeddable":true,"href":"https:\/\/futllermo.com\/tienda\/wp-json\/wp\/v2\/product_cat?post=80786"},{"taxonomy":"product_tag","embeddable":true,"href":"https:\/\/futllermo.com\/tienda\/wp-json\/wp\/v2\/product_tag?post=80786"}],"curies":[{"name":"wp","href":"https:\/\/api.w.org\/{rel}","templated":true}]}}