{"id":80774,"date":"2021-01-04T13:28:43","date_gmt":"2021-01-04T13:28:43","guid":{"rendered":"https:\/\/futllermo.com\/tienda\/producto\/uhlsport\/"},"modified":"2022-01-13T09:53:21","modified_gmt":"2022-01-13T09:53:21","slug":"uhlsport","status":"publish","type":"product","link":"https:\/\/futllermo.com\/tienda\/producto\/uhlsport\/","title":{"rendered":"uhlsport"},"content":{"rendered":"<p><!-- show up to 2 reviews by default --> <\/p>\n<p>Los guantes de portero Uhlsport Eliminator Soft tienen las siguientes caracter\u00edsticas: estos guantes de guardameta de Uhlsport son un modelo cl\u00e1sico de la serie Eliminator. La palma de la mano es de l\u00e1tex suave y antideslizante. La parte superior est\u00e1 fabricada en material EVA blando y robusto. Los guantes tienen un corte cl\u00e1sico y est\u00e1n forrados con tejidos el\u00e1sticos para mayor comodidad. El guante puede cerrarse con una correa de EVA ancha y corta. Caracter\u00edsticas: guantes de portero Uhlsport Eliminator Soft Pro, palma de l\u00e1tex, antideslizante, cierre de velcro. Corte perfecto y cl\u00e1sico. Material: 39% l\u00e1tex &#8211; 35% poliuretano &#8211; 18% EVA &#8211; 8% poliamida. Color: azul, verde, negro, blanco. <\/p>\n<p>Cierre con cinta EVA corta personalizable<br \/>\nCuerpo c\u00f3modo PU con perforaciones alrededor de los dedos para mejorar ventilaci\u00f3n<br \/>\nCierre: Cordones<br \/>\nMaterial: 39% de l\u00e1tex, 18% de EVA, 35% PU, 8% nylon<br \/>\nDorso duradero de EVA suave<br \/>\nEntrada V-notch, corte cl\u00e1sico<\/p>\n","protected":false},"excerpt":{"rendered":"<p>Cierre con cinta EVA corta personalizable<br \/>\nCuerpo c\u00f3modo PU con perforaciones alrededor de los dedos para mejorar ventilaci\u00f3n<br \/>\nCierre: Cordones<\/p>\n","protected":false},"featured_media":80779,"comment_status":"open","ping_status":"closed","template":"","meta":{"_kadence_starter_templates_imported_post":false,"_kad_post_transparent":"","_kad_post_title":"","_kad_post_layout":"","_kad_post_sidebar_id":"","_kad_post_content_style":"","_kad_post_vertical_padding":"","_kad_post_feature":"","_kad_post_feature_position":"","_kad_post_header":false,"_kad_post_footer":false},"product_brand":[],"product_cat":[450,361],"product_tag":[],"class_list":{"0":"post-80774","1":"product","2":"type-product","3":"status-publish","4":"has-post-thumbnail","6":"product_cat-futbol","7":"product_cat-guantes-de-portero","8":"pa_brand-marca-uhlsport","10":"first","11":"instock","12":"shipping-taxable","13":"purchasable","14":"product-type-simple","15":"entry","16":"content-bg","17":"loop-entry"},"_links":{"self":[{"href":"https:\/\/futllermo.com\/tienda\/wp-json\/wp\/v2\/product\/80774","targetHints":{"allow":["GET"]}}],"collection":[{"href":"https:\/\/futllermo.com\/tienda\/wp-json\/wp\/v2\/product"}],"about":[{"href":"https:\/\/futllermo.com\/tienda\/wp-json\/wp\/v2\/types\/product"}],"replies":[{"embeddable":true,"href":"https:\/\/futllermo.com\/tienda\/wp-json\/wp\/v2\/comments?post=80774"}],"wp:featuredmedia":[{"embeddable":true,"href":"https:\/\/futllermo.com\/tienda\/wp-json\/wp\/v2\/media\/80779"}],"wp:attachment":[{"href":"https:\/\/futllermo.com\/tienda\/wp-json\/wp\/v2\/media?parent=80774"}],"wp:term":[{"taxonomy":"product_brand","embeddable":true,"href":"https:\/\/futllermo.com\/tienda\/wp-json\/wp\/v2\/product_brand?post=80774"},{"taxonomy":"product_cat","embeddable":true,"href":"https:\/\/futllermo.com\/tienda\/wp-json\/wp\/v2\/product_cat?post=80774"},{"taxonomy":"product_tag","embeddable":true,"href":"https:\/\/futllermo.com\/tienda\/wp-json\/wp\/v2\/product_tag?post=80774"}],"curies":[{"name":"wp","href":"https:\/\/api.w.org\/{rel}","templated":true}]}}