{"id":80773,"date":"2021-01-04T13:28:42","date_gmt":"2021-01-04T13:28:42","guid":{"rendered":"https:\/\/futllermo.com\/tienda\/producto\/reusch-attrakt-r3-guantes-de-portero-unisex-adulto\/"},"modified":"2022-01-13T09:53:21","modified_gmt":"2022-01-13T09:53:21","slug":"reusch-attrakt-r3-guantes-de-portero-unisex-adulto","status":"publish","type":"product","link":"https:\/\/futllermo.com\/tienda\/producto\/reusch-attrakt-r3-guantes-de-portero-unisex-adulto\/","title":{"rendered":"Reusch Attrakt R3 Guantes de Portero, Unisex Adulto"},"content":{"rendered":"<p><!-- show up to 2 reviews by default --> <\/p>\n<p>Reusch Sporting. <\/p>\n<p>Espuma adhesiva R3 Mega Solid \u2013 Combinaci\u00f3n de durabilidad extrema y resistencia a la abrasi\u00f3n con muy buen agarre y amortiguaci\u00f3n<br \/>\nLa tecnolog\u00eda Thumbflex garantiza una movilidad \u00f3ptima y un ajuste en la zona del pulgar<br \/>\nCorte expandido: el corte expansible, nuestra versi\u00f3n del cl\u00e1sico corte plano est\u00e1 marcado por costuras exteriores que maximizan la superficie de la mano. La superficie de contacto con el bal\u00f3n aumenta la seguridad de la captura.<\/p>\n","protected":false},"excerpt":{"rendered":"<p>Espuma adhesiva R3 Mega Solid \u2013 Combinaci\u00f3n de durabilidad extrema y resistencia a la abrasi\u00f3n con muy buen agarre y amortiguaci\u00f3n<br \/>\nLa tecnolog\u00eda Thumbflex garantiza una movilidad \u00f3ptima y un ajuste en la zona del pulgar<br \/>\nCorte expandido: el corte expansible, nuestra versi\u00f3n del cl\u00e1sico corte plano est\u00e1 marcado por costuras exteriores que maximizan la superficie de la mano. La superficie de contacto con el bal\u00f3n aumenta la seguridad de la captura.<\/p>\n","protected":false},"featured_media":80775,"comment_status":"open","ping_status":"closed","template":"","meta":{"_kadence_starter_templates_imported_post":false,"_kad_post_transparent":"","_kad_post_title":"","_kad_post_layout":"","_kad_post_sidebar_id":"","_kad_post_content_style":"","_kad_post_vertical_padding":"","_kad_post_feature":"","_kad_post_feature_position":"","_kad_post_header":false,"_kad_post_footer":false},"product_brand":[],"product_cat":[450,361],"product_tag":[],"class_list":{"0":"post-80773","1":"product","2":"type-product","3":"status-publish","4":"has-post-thumbnail","6":"product_cat-futbol","7":"product_cat-guantes-de-portero","8":"pa_brand-marca-reusch","10":"first","11":"instock","12":"shipping-taxable","13":"purchasable","14":"product-type-simple","15":"entry","16":"content-bg","17":"loop-entry"},"_links":{"self":[{"href":"https:\/\/futllermo.com\/tienda\/wp-json\/wp\/v2\/product\/80773","targetHints":{"allow":["GET"]}}],"collection":[{"href":"https:\/\/futllermo.com\/tienda\/wp-json\/wp\/v2\/product"}],"about":[{"href":"https:\/\/futllermo.com\/tienda\/wp-json\/wp\/v2\/types\/product"}],"replies":[{"embeddable":true,"href":"https:\/\/futllermo.com\/tienda\/wp-json\/wp\/v2\/comments?post=80773"}],"wp:featuredmedia":[{"embeddable":true,"href":"https:\/\/futllermo.com\/tienda\/wp-json\/wp\/v2\/media\/80775"}],"wp:attachment":[{"href":"https:\/\/futllermo.com\/tienda\/wp-json\/wp\/v2\/media?parent=80773"}],"wp:term":[{"taxonomy":"product_brand","embeddable":true,"href":"https:\/\/futllermo.com\/tienda\/wp-json\/wp\/v2\/product_brand?post=80773"},{"taxonomy":"product_cat","embeddable":true,"href":"https:\/\/futllermo.com\/tienda\/wp-json\/wp\/v2\/product_cat?post=80773"},{"taxonomy":"product_tag","embeddable":true,"href":"https:\/\/futllermo.com\/tienda\/wp-json\/wp\/v2\/product_tag?post=80773"}],"curies":[{"name":"wp","href":"https:\/\/api.w.org\/{rel}","templated":true}]}}