{"id":80756,"date":"2021-01-04T13:28:24","date_gmt":"2021-01-04T13:28:24","guid":{"rendered":"https:\/\/futllermo.com\/tienda\/producto\/sp-futbol-no-goal-zero-pro-chr-guante-de-portero-blue\/"},"modified":"2022-01-13T09:53:20","modified_gmt":"2022-01-13T09:53:20","slug":"sp-futbol-no-goal-zero-pro-chr-guante-de-portero-blue","status":"publish","type":"product","link":"https:\/\/futllermo.com\/tienda\/producto\/sp-futbol-no-goal-zero-pro-chr-guante-de-portero-blue\/","title":{"rendered":"SP F\u00fatbol No Goal Zero Pro CHR, Guante de Portero, Blue"},"content":{"rendered":"<p><!-- show up to 2 reviews by default --> <\/p>\n<p>Leer\u00e1s en muchos sitios \u00abguante seamless\u00bb, pero s\u00f3lo unos pocos se atreven de verdad con un cuerpo de guante desnudo y hecho de una \u00fanica pieza. Siendo claros, es uno de los guantes de portero favoritos de la marca, por ello, SP da la oportunidad en esta nueva colecci\u00f3n de elegir el No Goal ZERO de la gama que mejor se amolde a vuestro bolsillo. En su salida quer\u00edan compararse con los m\u00e1s grandes, hoy, todos se quieren comparar a No Goal ZERO. <\/p>\n","protected":false},"excerpt":{"rendered":"<p>Leer\u00e1s en muchos sitios \u00abguante seamless\u00bb, pero s\u00f3lo unos pocos se atreven de verdad con un cuerpo de guante desnudo y hecho de una \u00fanica pieza. Siendo claros, es uno de los guantes de portero favoritos de la marca, por ello, SP da la oportunidad en esta nueva colecci\u00f3n de elegir el No Goal ZERO&#8230;<\/p>\n","protected":false},"featured_media":80757,"comment_status":"open","ping_status":"closed","template":"","meta":{"_kadence_starter_templates_imported_post":false,"_kad_post_transparent":"","_kad_post_title":"","_kad_post_layout":"","_kad_post_sidebar_id":"","_kad_post_content_style":"","_kad_post_vertical_padding":"","_kad_post_feature":"","_kad_post_feature_position":"","_kad_post_header":false,"_kad_post_footer":false},"product_brand":[],"product_cat":[450,361],"product_tag":[],"class_list":{"0":"post-80756","1":"product","2":"type-product","3":"status-publish","4":"has-post-thumbnail","6":"product_cat-futbol","7":"product_cat-guantes-de-portero","8":"pa_brand-visita-la-store-de-sp-futbol","10":"first","11":"instock","12":"shipping-taxable","13":"purchasable","14":"product-type-simple","15":"entry","16":"content-bg","17":"loop-entry"},"_links":{"self":[{"href":"https:\/\/futllermo.com\/tienda\/wp-json\/wp\/v2\/product\/80756","targetHints":{"allow":["GET"]}}],"collection":[{"href":"https:\/\/futllermo.com\/tienda\/wp-json\/wp\/v2\/product"}],"about":[{"href":"https:\/\/futllermo.com\/tienda\/wp-json\/wp\/v2\/types\/product"}],"replies":[{"embeddable":true,"href":"https:\/\/futllermo.com\/tienda\/wp-json\/wp\/v2\/comments?post=80756"}],"wp:featuredmedia":[{"embeddable":true,"href":"https:\/\/futllermo.com\/tienda\/wp-json\/wp\/v2\/media\/80757"}],"wp:attachment":[{"href":"https:\/\/futllermo.com\/tienda\/wp-json\/wp\/v2\/media?parent=80756"}],"wp:term":[{"taxonomy":"product_brand","embeddable":true,"href":"https:\/\/futllermo.com\/tienda\/wp-json\/wp\/v2\/product_brand?post=80756"},{"taxonomy":"product_cat","embeddable":true,"href":"https:\/\/futllermo.com\/tienda\/wp-json\/wp\/v2\/product_cat?post=80756"},{"taxonomy":"product_tag","embeddable":true,"href":"https:\/\/futllermo.com\/tienda\/wp-json\/wp\/v2\/product_tag?post=80756"}],"curies":[{"name":"wp","href":"https:\/\/api.w.org\/{rel}","templated":true}]}}