{"id":80746,"date":"2021-01-04T13:28:20","date_gmt":"2021-01-04T13:28:20","guid":{"rendered":"https:\/\/futllermo.com\/tienda\/producto\/reusch-attrakt-fusion-ortho-tec-guardian-guante-de-portero-deep-blue-deep-blue\/"},"modified":"2022-01-13T09:53:20","modified_gmt":"2022-01-13T09:53:20","slug":"reusch-attrakt-fusion-ortho-tec-guardian-guante-de-portero-deep-blue-deep-blue","status":"publish","type":"product","link":"https:\/\/futllermo.com\/tienda\/producto\/reusch-attrakt-fusion-ortho-tec-guardian-guante-de-portero-deep-blue-deep-blue\/","title":{"rendered":"Reusch Attrakt Fusion Ortho-Tec Guardian, Guante de Portero, Deep Blue\/Deep Blue, Talla 10.5"},"content":{"rendered":"<p><!-- show up to 2 reviews by default --> <\/p>\n<p>Guante de portero Reusch Attrakt Fusion Ortho-Tec Guardian en color Deep blue-Deep blueReusch hace un reestyling de la l\u00ednea Atrakt incluyendo un nuevo logo como herramienta de branding que nos recuerda a los Reusch originales de los a\u00f1os 80 que convirtieron a la marca en la referencia en guantes de portero que es hoy en d\u00eda. Cuidad\u00edsimo gui\u00f1o a los or\u00edgenes de la marca sin dejar de apostar por la revoluci\u00f3n t\u00e9cnica por la que apuesta Reusch. <\/p>\n","protected":false},"excerpt":{"rendered":"<p>Guante de portero Reusch Attrakt Fusion Ortho-Tec Guardian en color Deep blue-Deep blueReusch hace un reestyling de la l\u00ednea Atrakt incluyendo un nuevo logo como herramienta de branding que nos recuerda a los Reusch originales de los a\u00f1os 80 que convirtieron a la marca en la referencia en guantes de portero que es hoy en&#8230;<\/p>\n","protected":false},"featured_media":80754,"comment_status":"open","ping_status":"closed","template":"","meta":{"_kadence_starter_templates_imported_post":false,"_kad_post_transparent":"","_kad_post_title":"","_kad_post_layout":"","_kad_post_sidebar_id":"","_kad_post_content_style":"","_kad_post_vertical_padding":"","_kad_post_feature":"","_kad_post_feature_position":"","_kad_post_header":false,"_kad_post_footer":false},"product_brand":[],"product_cat":[450,361],"product_tag":[],"class_list":{"0":"post-80746","1":"product","2":"type-product","3":"status-publish","4":"has-post-thumbnail","6":"product_cat-futbol","7":"product_cat-guantes-de-portero","8":"pa_brand-marca-reusch","10":"first","11":"instock","12":"shipping-taxable","13":"purchasable","14":"product-type-simple","15":"entry","16":"content-bg","17":"loop-entry"},"_links":{"self":[{"href":"https:\/\/futllermo.com\/tienda\/wp-json\/wp\/v2\/product\/80746","targetHints":{"allow":["GET"]}}],"collection":[{"href":"https:\/\/futllermo.com\/tienda\/wp-json\/wp\/v2\/product"}],"about":[{"href":"https:\/\/futllermo.com\/tienda\/wp-json\/wp\/v2\/types\/product"}],"replies":[{"embeddable":true,"href":"https:\/\/futllermo.com\/tienda\/wp-json\/wp\/v2\/comments?post=80746"}],"wp:featuredmedia":[{"embeddable":true,"href":"https:\/\/futllermo.com\/tienda\/wp-json\/wp\/v2\/media\/80754"}],"wp:attachment":[{"href":"https:\/\/futllermo.com\/tienda\/wp-json\/wp\/v2\/media?parent=80746"}],"wp:term":[{"taxonomy":"product_brand","embeddable":true,"href":"https:\/\/futllermo.com\/tienda\/wp-json\/wp\/v2\/product_brand?post=80746"},{"taxonomy":"product_cat","embeddable":true,"href":"https:\/\/futllermo.com\/tienda\/wp-json\/wp\/v2\/product_cat?post=80746"},{"taxonomy":"product_tag","embeddable":true,"href":"https:\/\/futllermo.com\/tienda\/wp-json\/wp\/v2\/product_tag?post=80746"}],"curies":[{"name":"wp","href":"https:\/\/api.w.org\/{rel}","templated":true}]}}