{"id":80742,"date":"2021-01-04T13:28:14","date_gmt":"2021-01-04T13:28:14","guid":{"rendered":"https:\/\/futllermo.com\/tienda\/producto\/rinat-kancerbero-quantum-turf-guante-de-portero-unisex-adulto\/"},"modified":"2022-01-13T09:53:19","modified_gmt":"2022-01-13T09:53:19","slug":"rinat-kancerbero-quantum-turf-guante-de-portero-unisex-adulto","status":"publish","type":"product","link":"https:\/\/futllermo.com\/tienda\/producto\/rinat-kancerbero-quantum-turf-guante-de-portero-unisex-adulto\/","title":{"rendered":"Rinat Kancerbero Quantum Turf Guante de Portero, Unisex Adulto"},"content":{"rendered":"<p><!-- show up to 2 reviews by default --> <\/p>\n<p>Dorso: l\u00e1tex sint\u00e9tico de gran suavidad y comodidad. Con frecuencia para dar volumen, cuerpo y amortiguaci\u00f3n. Montado en una base textil transpirable que mantiene el interior del guante fresco. Corte: ergon\u00f3mico, se ajusta a la forma natural de la mano facilitando la exi\u00f3n y dando m\u00e1s comodidad. Se mejoro notablemente su construcci\u00f3n, ahora es mucho m\u00e1s c\u00f3modo y est\u00e9tico. Palma: l\u00e1tex Omega Resistance de 3mm. Hasta 10 veces m\u00e1s resistente que cualquier l\u00e1tex convencional manteniendo un buen grip. Closure: Mu\u00f1equera el\u00e1stica reforzada por un cintillo compuesto por 2 piezas unidas por un el\u00e1stico que mejora el ajuste a la mu\u00f1eca brindando as\u00ed m\u00e1s fuerza y seguridad. Cintillo personalizable. <\/p>\n<p>Latex Omega Resistance<br \/>\nCorte Ergon\u00f3mico<br \/>\nKancerbero Quantum Turf<br \/>\nCierre compuesto de 2 piezas unidas por un el\u00e1stico que mejora el ajuste a la mu\u00f1eca. Cintillo personalizable.<br \/>\nUso recomendado en cesped artificial<\/p>\n","protected":false},"excerpt":{"rendered":"<p>Latex Omega Resistance<br \/>\nCorte Ergon\u00f3mico<br \/>\nKancerbero Quantum Turf<\/p>\n","protected":false},"featured_media":80744,"comment_status":"open","ping_status":"closed","template":"","meta":{"_kadence_starter_templates_imported_post":false,"_kad_post_transparent":"","_kad_post_title":"","_kad_post_layout":"","_kad_post_sidebar_id":"","_kad_post_content_style":"","_kad_post_vertical_padding":"","_kad_post_feature":"","_kad_post_feature_position":"","_kad_post_header":false,"_kad_post_footer":false},"product_brand":[],"product_cat":[450,361],"product_tag":[],"class_list":{"0":"post-80742","1":"product","2":"type-product","3":"status-publish","4":"has-post-thumbnail","6":"product_cat-futbol","7":"product_cat-guantes-de-portero","8":"pa_brand-visita-la-store-de-rinat","10":"first","11":"instock","12":"shipping-taxable","13":"purchasable","14":"product-type-simple","15":"entry","16":"content-bg","17":"loop-entry"},"_links":{"self":[{"href":"https:\/\/futllermo.com\/tienda\/wp-json\/wp\/v2\/product\/80742","targetHints":{"allow":["GET"]}}],"collection":[{"href":"https:\/\/futllermo.com\/tienda\/wp-json\/wp\/v2\/product"}],"about":[{"href":"https:\/\/futllermo.com\/tienda\/wp-json\/wp\/v2\/types\/product"}],"replies":[{"embeddable":true,"href":"https:\/\/futllermo.com\/tienda\/wp-json\/wp\/v2\/comments?post=80742"}],"wp:featuredmedia":[{"embeddable":true,"href":"https:\/\/futllermo.com\/tienda\/wp-json\/wp\/v2\/media\/80744"}],"wp:attachment":[{"href":"https:\/\/futllermo.com\/tienda\/wp-json\/wp\/v2\/media?parent=80742"}],"wp:term":[{"taxonomy":"product_brand","embeddable":true,"href":"https:\/\/futllermo.com\/tienda\/wp-json\/wp\/v2\/product_brand?post=80742"},{"taxonomy":"product_cat","embeddable":true,"href":"https:\/\/futllermo.com\/tienda\/wp-json\/wp\/v2\/product_cat?post=80742"},{"taxonomy":"product_tag","embeddable":true,"href":"https:\/\/futllermo.com\/tienda\/wp-json\/wp\/v2\/product_tag?post=80742"}],"curies":[{"name":"wp","href":"https:\/\/api.w.org\/{rel}","templated":true}]}}