{"id":80727,"date":"2021-01-04T13:27:23","date_gmt":"2021-01-04T13:27:23","guid":{"rendered":"https:\/\/futllermo.com\/tienda\/producto\/uhlsport-absolutgrip-guantes-de-portero-unisex-adulto\/"},"modified":"2022-01-13T09:53:19","modified_gmt":"2022-01-13T09:53:19","slug":"uhlsport-absolutgrip-guantes-de-portero-unisex-adulto","status":"publish","type":"product","link":"https:\/\/futllermo.com\/tienda\/producto\/uhlsport-absolutgrip-guantes-de-portero-unisex-adulto\/","title":{"rendered":"uhlsport Absolutgrip Guantes de Portero, Hombre"},"content":{"rendered":"<p><!-- show up to 2 reviews by default --> <\/p>\n<p>Palma:. Espuma patentada ABSOLUTRGRIP. Proporciona el mejor agarre gracias y la mejor amortizaci\u00f3n en todas las condiciones de juego. -DORSO. L\u00e1tex con SCHOCKZONE 3D CORTE:. Corte cl\u00e1sico que proporciona un \u00e1rea de captura maximizada CUERPO DE GUANTE:. Material textil transpirable y confortable CIERRE:. Correa de l\u00e1tex envolvente con una banda integral, para mejor fijaci\u00f3n DISE\u00d1O:. Corte ergon\u00f3mico pre-moldeado . <\/p>\n<p>Palma: espuma patentada absolutrgrip proporciona el mejor agarre gracias y la mejor amortizaci\u00f3n en todas las condiciones de juego<br \/>\nDorso l\u00e1tex con schockzone 3d corte: corte cl\u00e1sico que proporciona un \u00e1rea de captura maximizada<br \/>\nAbsolutgrip<br \/>\nCuerpo de guante: material textil transpirable y confortable<\/p>\n","protected":false},"excerpt":{"rendered":"<p>Palma: espuma patentada absolutrgrip proporciona el mejor agarre gracias y la mejor amortizaci\u00f3n en todas las condiciones de juego<br \/>\nDorso l\u00e1tex con schockzone 3d corte: corte cl\u00e1sico que proporciona un \u00e1rea de captura maximizada<br \/>\nAbsolutgrip<\/p>\n","protected":false},"featured_media":80734,"comment_status":"open","ping_status":"closed","template":"","meta":{"_kadence_starter_templates_imported_post":false,"_kad_post_transparent":"","_kad_post_title":"","_kad_post_layout":"","_kad_post_sidebar_id":"","_kad_post_content_style":"","_kad_post_vertical_padding":"","_kad_post_feature":"","_kad_post_feature_position":"","_kad_post_header":false,"_kad_post_footer":false},"product_brand":[],"product_cat":[450,361],"product_tag":[],"class_list":{"0":"post-80727","1":"product","2":"type-product","3":"status-publish","4":"has-post-thumbnail","6":"product_cat-futbol","7":"product_cat-guantes-de-portero","8":"pa_brand-marca-uhlsport","10":"first","11":"instock","12":"shipping-taxable","13":"purchasable","14":"product-type-simple","15":"entry","16":"content-bg","17":"loop-entry"},"_links":{"self":[{"href":"https:\/\/futllermo.com\/tienda\/wp-json\/wp\/v2\/product\/80727","targetHints":{"allow":["GET"]}}],"collection":[{"href":"https:\/\/futllermo.com\/tienda\/wp-json\/wp\/v2\/product"}],"about":[{"href":"https:\/\/futllermo.com\/tienda\/wp-json\/wp\/v2\/types\/product"}],"replies":[{"embeddable":true,"href":"https:\/\/futllermo.com\/tienda\/wp-json\/wp\/v2\/comments?post=80727"}],"wp:featuredmedia":[{"embeddable":true,"href":"https:\/\/futllermo.com\/tienda\/wp-json\/wp\/v2\/media\/80734"}],"wp:attachment":[{"href":"https:\/\/futllermo.com\/tienda\/wp-json\/wp\/v2\/media?parent=80727"}],"wp:term":[{"taxonomy":"product_brand","embeddable":true,"href":"https:\/\/futllermo.com\/tienda\/wp-json\/wp\/v2\/product_brand?post=80727"},{"taxonomy":"product_cat","embeddable":true,"href":"https:\/\/futllermo.com\/tienda\/wp-json\/wp\/v2\/product_cat?post=80727"},{"taxonomy":"product_tag","embeddable":true,"href":"https:\/\/futllermo.com\/tienda\/wp-json\/wp\/v2\/product_tag?post=80727"}],"curies":[{"name":"wp","href":"https:\/\/api.w.org\/{rel}","templated":true}]}}