{"id":80721,"date":"2021-01-04T13:24:32","date_gmt":"2021-01-04T13:24:32","guid":{"rendered":"https:\/\/futllermo.com\/tienda\/producto\/derbystar-attack-xp-13-guantes-de-portero-bebe-ninos\/"},"modified":"2022-01-13T09:53:19","modified_gmt":"2022-01-13T09:53:19","slug":"derbystar-attack-xp-13-guantes-de-portero-bebe-ninos","status":"publish","type":"product","link":"https:\/\/futllermo.com\/tienda\/producto\/derbystar-attack-xp-13-guantes-de-portero-bebe-ninos\/","title":{"rendered":"Derbystar Attack XP 13 Guantes de Portero, Beb\u00e9-Ni\u00f1os"},"content":{"rendered":"<p><!-- show up to 2 reviews by default --> <\/p>\n<p>Guante de entrenamiento Corte plano. Espuma adhesiva: 3 mm Dura Grip verde ne\u00f3n. Dorso de la mano: EVA suave. Amortiguaci\u00f3n: buena absorci\u00f3n de impactos. Ajuste: ajuste \u00f3ptimo. Cierre: abertura lateral con cierre de velcro ancho. Tama\u00f1os: 0 &#8211; 1 &#8211; 2 &#8211; 3 &#8211; 4 &#8211; 5 &#8211; 6 &#8211; 7 &#8211; 8 &#8211; 8.5 &#8211; 9 &#8211; 9.5 &#8211; 10 &#8211; 10.5 &#8211; 11 &#8211; 12. <\/p>\n<p>\u2605 Buen guante de entrenamiento para ni\u00f1os y adultos.<br \/>\nCorte: corte plano, superficie de espuma adherente.<br \/>\n55% Poliuretano, 45% Elastano<br \/>\nCierre: Gancho y bucle<br \/>\nAttack XP 13.<br \/>\nAmortiguaci\u00f3n: buena absorci\u00f3n de impactos.<br \/>\nAjuste \u00f3ptimo: muy buen ajuste para cualquier portero, para que los guantes y la mano se conviertan en una unidad.<br \/>\nCierre: abertura lateral con cierre de velcro.<\/p>\n","protected":false},"excerpt":{"rendered":"<p>\u2605 Buen guante de entrenamiento para ni\u00f1os y adultos.<br \/>\nCorte: corte plano, superficie de espuma adherente.<br \/>\n55% Poliuretano, 45% Elastano<\/p>\n","protected":false},"featured_media":80722,"comment_status":"open","ping_status":"closed","template":"","meta":{"_kadence_starter_templates_imported_post":false,"_kad_post_transparent":"","_kad_post_title":"","_kad_post_layout":"","_kad_post_sidebar_id":"","_kad_post_content_style":"","_kad_post_vertical_padding":"","_kad_post_feature":"","_kad_post_feature_position":"","_kad_post_header":false,"_kad_post_footer":false},"product_brand":[],"product_cat":[450,361],"product_tag":[],"class_list":{"0":"post-80721","1":"product","2":"type-product","3":"status-publish","4":"has-post-thumbnail","6":"product_cat-futbol","7":"product_cat-guantes-de-portero","8":"pa_brand-marca-derbystar","10":"first","11":"instock","12":"shipping-taxable","13":"purchasable","14":"product-type-simple","15":"entry","16":"content-bg","17":"loop-entry"},"_links":{"self":[{"href":"https:\/\/futllermo.com\/tienda\/wp-json\/wp\/v2\/product\/80721","targetHints":{"allow":["GET"]}}],"collection":[{"href":"https:\/\/futllermo.com\/tienda\/wp-json\/wp\/v2\/product"}],"about":[{"href":"https:\/\/futllermo.com\/tienda\/wp-json\/wp\/v2\/types\/product"}],"replies":[{"embeddable":true,"href":"https:\/\/futllermo.com\/tienda\/wp-json\/wp\/v2\/comments?post=80721"}],"wp:featuredmedia":[{"embeddable":true,"href":"https:\/\/futllermo.com\/tienda\/wp-json\/wp\/v2\/media\/80722"}],"wp:attachment":[{"href":"https:\/\/futllermo.com\/tienda\/wp-json\/wp\/v2\/media?parent=80721"}],"wp:term":[{"taxonomy":"product_brand","embeddable":true,"href":"https:\/\/futllermo.com\/tienda\/wp-json\/wp\/v2\/product_brand?post=80721"},{"taxonomy":"product_cat","embeddable":true,"href":"https:\/\/futllermo.com\/tienda\/wp-json\/wp\/v2\/product_cat?post=80721"},{"taxonomy":"product_tag","embeddable":true,"href":"https:\/\/futllermo.com\/tienda\/wp-json\/wp\/v2\/product_tag?post=80721"}],"curies":[{"name":"wp","href":"https:\/\/api.w.org\/{rel}","templated":true}]}}