{"id":80713,"date":"2021-01-04T13:24:29","date_gmt":"2021-01-04T13:24:29","guid":{"rendered":"https:\/\/futllermo.com\/tienda\/producto\/brace-master-guantes-de-portero-con-fuerte-agarre-y-proteccion-para-los-dedos-guante-de-portero-de-palma-3-3mm-para-hombres-y-mujeres-entrenamiento-y-partido-interiores-y-exteriores\/"},"modified":"2022-01-13T09:53:18","modified_gmt":"2022-01-13T09:53:18","slug":"brace-master-guantes-de-portero-con-fuerte-agarre-y-proteccion-para-los-dedos-guante-de-portero-de-palma-3-3mm-para-hombres-y-mujeres-entrenamiento-y-partido-interiores-y-exteriores","status":"publish","type":"product","link":"https:\/\/futllermo.com\/tienda\/producto\/brace-master-guantes-de-portero-con-fuerte-agarre-y-proteccion-para-los-dedos-guante-de-portero-de-palma-3-3mm-para-hombres-y-mujeres-entrenamiento-y-partido-interiores-y-exteriores\/","title":{"rendered":"Brace Master Guantes de Portero con Fuerte Agarre y Protecci\u00f3n para los Dedos, Guante de Portero de Palma 3 + 3MM para\u2026"},"content":{"rendered":"<p>\u26bdDISE\u00d1ADOS PARA J\u00d3VENES Y ADULTOS &#8211; los guantes de portero Brace Master est\u00e1n dise\u00f1ados para j\u00f3venes y adultos, que se adaptan a la formaci\u00f3n o al partido menor. Aspecto llamativo y buen sentido pr\u00e1ctico, colorido y lleno de tama\u00f1os.<br \/>\n\u26bdPARA LOS MEJORES AHORROS &#8211; Estos guantes de portero tienen las palmas de l\u00e1tex antideslizantes y resistentes al desgaste, que le pueden dar un control y un agarre extremadamente fuertes al manejar la pelota incluso en condiciones de humedad. Mientras tanto, el dise\u00f1o \u00fanico de corte positivo le brinda el mejor contacto con la pelota para las salvaciones m\u00e1s dif\u00edciles del juego.<br \/>\n\u26bdPROTECCI\u00d3N CON EL DEDO Y LA PALMA &#8211; Hay un dedo dentro de la mano que puede evitar eficazmente los esguinces causados \u200b\u200bpor una extroversi\u00f3n excesiva. Y la espuma de l\u00e1tex acolchada extremadamente gruesa puede ofrecer m\u00e1s protecciones de amortiguaci\u00f3n a la palma de la mano.<br \/>\n\u26bdDOUBLE WRIST DESIGN &#8211; These gloves have a double-design wristband whose inner layer is knitted elastic and outer layer is wound bandage, so they can contract your wrist muscles better and fixed and protect the wrist joint of the user.<br \/>\n\u26bdBRACE MASTER 100% GARANT\u00cdA DE CALIDAD: Elija el tama\u00f1o correcto de los guantes de acuerdo con la tabla de tallas de Brace Master. Tambi\u00e9n puede comunicarse con nosotros si todav\u00eda tiene alguna otra pregunta con nuestros guantes de guardameta. \u00a1problemas! Si no est\u00e1 satisfecho con nuestros guantes, le ofreceremos un reembolso del 100% por 45 d\u00edas.<\/p>\n","protected":false},"excerpt":{"rendered":"<p>\u26bdDISE\u00d1ADOS PARA J\u00d3VENES Y ADULTOS &#8211; los guantes de portero Brace Master est\u00e1n dise\u00f1ados para j\u00f3venes y adultos, que se adaptan a la formaci\u00f3n o al partido menor. Aspecto llamativo y buen sentido pr\u00e1ctico, colorido y lleno de tama\u00f1os.<br \/>\n\u26bdPARA LOS MEJORES AHORROS &#8211; Estos guantes de portero tienen las palmas de l\u00e1tex antideslizantes y resistentes al desgaste, que le pueden dar un control y un agarre extremadamente fuertes al manejar la pelota incluso en condiciones de humedad. Mientras tanto, el dise\u00f1o \u00fanico de corte positivo le brinda el mejor contacto con la pelota para las salvaciones m\u00e1s dif\u00edciles del juego.<br \/>\n\u26bdPROTECCI\u00d3N CON EL DEDO Y LA PALMA &#8211; Hay un dedo dentro de la mano que puede evitar eficazmente los esguinces causados \u200b\u200bpor una extroversi\u00f3n excesiva. Y la espuma de l\u00e1tex acolchada extremadamente gruesa puede ofrecer m\u00e1s protecciones de amortiguaci\u00f3n a la palma de la mano.<\/p>\n","protected":false},"featured_media":80714,"comment_status":"open","ping_status":"closed","template":"","meta":{"_kadence_starter_templates_imported_post":false,"_kad_post_transparent":"","_kad_post_title":"","_kad_post_layout":"","_kad_post_sidebar_id":"","_kad_post_content_style":"","_kad_post_vertical_padding":"","_kad_post_feature":"","_kad_post_feature_position":"","_kad_post_header":false,"_kad_post_footer":false},"product_brand":[],"product_cat":[450,361],"product_tag":[],"class_list":{"0":"post-80713","1":"product","2":"type-product","3":"status-publish","4":"has-post-thumbnail","6":"product_cat-futbol","7":"product_cat-guantes-de-portero","8":"pa_brand-visita-la-store-de-brace-master","10":"first","11":"instock","12":"shipping-taxable","13":"purchasable","14":"product-type-simple","15":"entry","16":"content-bg","17":"loop-entry"},"_links":{"self":[{"href":"https:\/\/futllermo.com\/tienda\/wp-json\/wp\/v2\/product\/80713","targetHints":{"allow":["GET"]}}],"collection":[{"href":"https:\/\/futllermo.com\/tienda\/wp-json\/wp\/v2\/product"}],"about":[{"href":"https:\/\/futllermo.com\/tienda\/wp-json\/wp\/v2\/types\/product"}],"replies":[{"embeddable":true,"href":"https:\/\/futllermo.com\/tienda\/wp-json\/wp\/v2\/comments?post=80713"}],"wp:featuredmedia":[{"embeddable":true,"href":"https:\/\/futllermo.com\/tienda\/wp-json\/wp\/v2\/media\/80714"}],"wp:attachment":[{"href":"https:\/\/futllermo.com\/tienda\/wp-json\/wp\/v2\/media?parent=80713"}],"wp:term":[{"taxonomy":"product_brand","embeddable":true,"href":"https:\/\/futllermo.com\/tienda\/wp-json\/wp\/v2\/product_brand?post=80713"},{"taxonomy":"product_cat","embeddable":true,"href":"https:\/\/futllermo.com\/tienda\/wp-json\/wp\/v2\/product_cat?post=80713"},{"taxonomy":"product_tag","embeddable":true,"href":"https:\/\/futllermo.com\/tienda\/wp-json\/wp\/v2\/product_tag?post=80713"}],"curies":[{"name":"wp","href":"https:\/\/api.w.org\/{rel}","templated":true}]}}