{"id":80701,"date":"2021-01-04T13:24:19","date_gmt":"2021-01-04T13:24:19","guid":{"rendered":"https:\/\/futllermo.com\/tienda\/producto\/pro-touch-torwarthandschuhe-force-guantes-de-portero-bebe-ninos\/"},"modified":"2022-01-13T09:53:18","modified_gmt":"2022-01-13T09:53:18","slug":"pro-touch-torwarthandschuhe-force-guantes-de-portero-bebe-ninos","status":"publish","type":"product","link":"https:\/\/futllermo.com\/tienda\/producto\/pro-touch-torwarthandschuhe-force-guantes-de-portero-bebe-ninos\/","title":{"rendered":"Pro Touch Torwarthandschuhe Force &#8211; Guantes de Portero. Beb\u00e9-Ni\u00f1os"},"content":{"rendered":"<p><!-- show up to 2 reviews by default --> <\/p>\n<p>Dorso de PVC, pulgares en poli\u00e9ster suave con aspecto de malla, secci\u00f3n de forma expansible. Gracias a las costuras exteriores y la palma de la mano, los laterales ampliados est\u00e1n hechos de material de malla para una mejor transpirabilidad, goma el\u00e1stica y cierre de leng\u00fceta. <\/p>\n<p>Buen guante de entrenamiento.<br \/>\nExcelente agarre.<br \/>\nGuantes de portero Force<br \/>\nMaterial: 39% poli\u00e9ster, 30% PVC, 25% l\u00e1tex, 5% poliuretano, 1% algod\u00f3n.<br \/>\nColor: negro.<br \/>\nMarca: Pro Touch.<\/p>\n","protected":false},"excerpt":{"rendered":"<p>Buen guante de entrenamiento.<br \/>\nExcelente agarre.<br \/>\nGuantes de portero Force<\/p>\n","protected":false},"featured_media":80702,"comment_status":"open","ping_status":"closed","template":"","meta":{"_kadence_starter_templates_imported_post":false,"_kad_post_transparent":"","_kad_post_title":"","_kad_post_layout":"","_kad_post_sidebar_id":"","_kad_post_content_style":"","_kad_post_vertical_padding":"","_kad_post_feature":"","_kad_post_feature_position":"","_kad_post_header":false,"_kad_post_footer":false},"product_brand":[],"product_cat":[450,361],"product_tag":[],"class_list":{"0":"post-80701","1":"product","2":"type-product","3":"status-publish","4":"has-post-thumbnail","6":"product_cat-futbol","7":"product_cat-guantes-de-portero","8":"pa_brand-marca-pro-touch","10":"first","11":"instock","12":"shipping-taxable","13":"purchasable","14":"product-type-simple","15":"entry","16":"content-bg","17":"loop-entry"},"_links":{"self":[{"href":"https:\/\/futllermo.com\/tienda\/wp-json\/wp\/v2\/product\/80701","targetHints":{"allow":["GET"]}}],"collection":[{"href":"https:\/\/futllermo.com\/tienda\/wp-json\/wp\/v2\/product"}],"about":[{"href":"https:\/\/futllermo.com\/tienda\/wp-json\/wp\/v2\/types\/product"}],"replies":[{"embeddable":true,"href":"https:\/\/futllermo.com\/tienda\/wp-json\/wp\/v2\/comments?post=80701"}],"wp:featuredmedia":[{"embeddable":true,"href":"https:\/\/futllermo.com\/tienda\/wp-json\/wp\/v2\/media\/80702"}],"wp:attachment":[{"href":"https:\/\/futllermo.com\/tienda\/wp-json\/wp\/v2\/media?parent=80701"}],"wp:term":[{"taxonomy":"product_brand","embeddable":true,"href":"https:\/\/futllermo.com\/tienda\/wp-json\/wp\/v2\/product_brand?post=80701"},{"taxonomy":"product_cat","embeddable":true,"href":"https:\/\/futllermo.com\/tienda\/wp-json\/wp\/v2\/product_cat?post=80701"},{"taxonomy":"product_tag","embeddable":true,"href":"https:\/\/futllermo.com\/tienda\/wp-json\/wp\/v2\/product_tag?post=80701"}],"curies":[{"name":"wp","href":"https:\/\/api.w.org\/{rel}","templated":true}]}}