{"id":80684,"date":"2021-01-04T13:24:11","date_gmt":"2021-01-04T13:24:11","guid":{"rendered":"https:\/\/futllermo.com\/tienda\/producto\/sportout-inos-y-adolescentesadultos-guantes-de-portero-de-futbol%ef%bc%8cproporciona-un-agarre-poderosoprotege-tus-dedos-de-lesionesantideslizante-material-de-latex-excelente\/"},"modified":"2022-01-13T09:53:17","modified_gmt":"2022-01-13T09:53:17","slug":"sportout-inos-y-adolescentesadultos-guantes-de-portero-de-futbol%ef%bc%8cproporciona-un-agarre-poderosoprotege-tus-dedos-de-lesionesantideslizante-material-de-latex-excelente","status":"publish","type":"product","link":"https:\/\/futllermo.com\/tienda\/producto\/sportout-inos-y-adolescentesadultos-guantes-de-portero-de-futbol%ef%bc%8cproporciona-un-agarre-poderosoprotege-tus-dedos-de-lesionesantideslizante-material-de-latex-excelente\/","title":{"rendered":"Sportout I\u00f1os y Adolescentes,Adultos Guantes de Portero de Futbol\uff0cProporciona un Agarre Poderoso,Protege Tus Dedos de\u2026"},"content":{"rendered":"<p><!-- show up to 2 reviews by default --> <\/p>\n<p><b>TimeBus \u00a1Conc\u00e9ntrese en su mejor experiencia! <\/b> <\/p>\n<p><b>Acerca de TimeBus<\/b><br \/> TimeBus es una marca de Internet joven y din\u00e1mica. Estamos comprometidos a ofrecer la mejor <br \/>experiencia al cliente. La calidad del producto es nuestra vida, \u00a1una mejor experiencia es <br \/>nuestro prop\u00f3sito! <\/p>\n<p><b>Sobre el producto<\/b><br \/> Los guantes de portero TimeBus son la elecci\u00f3n perfecta para cualquier portero en el pr\u00f3ximo gran <br \/>juego, \u00a1o incluso para una patada familiar en el jard\u00edn trasero! <\/p>\n<p><b>Proporcionar soporte y comodidad<\/b><br \/> Estos guantes de portero son ideales para cualquier jugador que busque un par de guantes de <br \/>portero resistentes, duraderos y confiables.Los guantes del portero est\u00e1n hechos con material <br \/>transpirable que puede extraer el sudor de la piel de forma efectiva y puede garantizar la<br \/> comodidad, el agarre y la estabilidad. <\/p>\n<p><b>C\u00f3mo cuidar los guantes de portero<\/b><br \/> El cuidado de los guantes de portero no es dif\u00edcil, use un pa\u00f1o h\u00famedo, l\u00edmpielo suavemente y <br \/>luego s\u00e9quelo de forma natural. No es necesario usar detergentes, y los guantes deben <br \/>almacenarse lejos de fuentes de calor directo y luz solar cuando no se usan. <\/p>\n<p> Sobre el tama\u00f1o: Compruebe la s\u00e9ptima imagen principal para elegir su tama\u00f1o<br \/> Entonces, si tiene manos grandes o peque\u00f1as para su tama\u00f1o, ajuste su elecci\u00f3n para que coincida. <br \/> 5-6: para ni\u00f1os o j\u00f3venes<br \/> 7-10: para adultos<br \/><b>GARANT\u00cdA: <\/b><br \/> * Un a\u00f1o de garant\u00eda de Timebus. <br \/> * Su satisfacci\u00f3n es nuestra prioridad m\u00e1s alta. Si\u00e9ntase libre de contactarnos con cualquier <br \/>pregunta con respecto a nuestros productos y env\u00edo. <\/p>\n<p> Agregue estos guantes de portero a su carrito de compras haciendo clic en el bot\u00f3n en la parte <br \/>superior derecha de la p\u00e1gina. <\/p>\n<p>El mejor dise\u00f1o defensivo\uff1a Estos guantes de portero tienen las palmas de l\u00e1tex antideslizantes y resistentes al desgaste que pueden proporcionarle un control y agarre extremadamente fuertes al manejar la pelota incluso en condiciones de humedad. Mientras tanto, el xclusivo dise\u00f1o de corte positivo te brinda el mejor contacto con la pelota para el rescate m\u00e1s duro del juego.<br \/>\nProtecci\u00f3n de los dedos y la palma: El nuevo sistema mejorado de protecci\u00f3n para los dedos de estos guantes de portero te ayuda a prevenir las lesiones en los dedos hiperextendidas, que ocurren frecuentemente en competici\u00f3n o entrenamiento. La espuma de l\u00e1tex acolchada extremadamente gruesa puede ofrecer m\u00e1s protecciones de amortiguaci\u00f3n a tu palma.<br \/>\nProtecci\u00f3n doble de la mu\u00f1eca: Estos guantes de f\u00fatbol tienen una de doble Mu\u00f1equera cuya capa de forro es el\u00e1stica y la externa es una venda de velcro ajustada con correa el\u00e1stica para que puedan contraer mejor los m\u00fasculos de la mu\u00f1eca y ofrecer una protecci\u00f3n m\u00e1s segura para reducir el riesgo de torcedura en.<br \/>\nDurable y C\u00f3modo: Hecho de materiales compuestos de alta calidad de EVA y l\u00e1tex, , son dif\u00edciles de split sin importar la competencia feroz o el entrenamiento de rutina. Adem\u00e1s, los guantes son transpirables, livianos, reducen el sudor y son muy c\u00f3modos.<br \/>\nAplicaci\u00f3n y garant\u00eda: Estos guantes de portero perfectos son adecuados para las personas desde aprendices menores hasta la escuela secundaria, hasta el f\u00fatbol para adultos, ya sea en entrenamiento o en match play. GARANT\u00cdA: 100% garant\u00eda de devoluci\u00f3n del dinero, si hay alg\u00fan problema con el producto, puede ponerse en contacto con nosotros, le devolveremos el dinero.<\/p>\n","protected":false},"excerpt":{"rendered":"<p>El mejor dise\u00f1o defensivo\uff1a Estos guantes de portero tienen las palmas de l\u00e1tex antideslizantes y resistentes al desgaste que pueden proporcionarle un control y agarre extremadamente fuertes al manejar la pelota incluso en condiciones de humedad. Mientras tanto, el xclusivo dise\u00f1o de corte positivo te brinda el mejor contacto con la pelota para el rescate m\u00e1s duro del juego.<br \/>\nProtecci\u00f3n de los dedos y la palma: El nuevo sistema mejorado de protecci\u00f3n para los dedos de estos guantes de portero te ayuda a prevenir las lesiones en los dedos hiperextendidas, que ocurren frecuentemente en competici\u00f3n o entrenamiento. La espuma de l\u00e1tex acolchada extremadamente gruesa puede ofrecer m\u00e1s protecciones de amortiguaci\u00f3n a tu palma.<br \/>\nProtecci\u00f3n doble de la mu\u00f1eca: Estos guantes de f\u00fatbol tienen una de doble Mu\u00f1equera cuya capa de forro es el\u00e1stica y la externa es una venda de velcro ajustada con correa el\u00e1stica para que puedan contraer mejor los m\u00fasculos de la mu\u00f1eca y ofrecer una protecci\u00f3n m\u00e1s segura para reducir el riesgo de torcedura en.<\/p>\n","protected":false},"featured_media":80687,"comment_status":"open","ping_status":"closed","template":"","meta":{"_kadence_starter_templates_imported_post":false,"_kad_post_transparent":"","_kad_post_title":"","_kad_post_layout":"","_kad_post_sidebar_id":"","_kad_post_content_style":"","_kad_post_vertical_padding":"","_kad_post_feature":"","_kad_post_feature_position":"","_kad_post_header":false,"_kad_post_footer":false},"product_brand":[],"product_cat":[450,361],"product_tag":[],"class_list":{"0":"post-80684","1":"product","2":"type-product","3":"status-publish","4":"has-post-thumbnail","6":"product_cat-futbol","7":"product_cat-guantes-de-portero","8":"pa_brand-marca-sportout","10":"first","11":"instock","12":"shipping-taxable","13":"purchasable","14":"product-type-simple","15":"entry","16":"content-bg","17":"loop-entry"},"_links":{"self":[{"href":"https:\/\/futllermo.com\/tienda\/wp-json\/wp\/v2\/product\/80684","targetHints":{"allow":["GET"]}}],"collection":[{"href":"https:\/\/futllermo.com\/tienda\/wp-json\/wp\/v2\/product"}],"about":[{"href":"https:\/\/futllermo.com\/tienda\/wp-json\/wp\/v2\/types\/product"}],"replies":[{"embeddable":true,"href":"https:\/\/futllermo.com\/tienda\/wp-json\/wp\/v2\/comments?post=80684"}],"wp:featuredmedia":[{"embeddable":true,"href":"https:\/\/futllermo.com\/tienda\/wp-json\/wp\/v2\/media\/80687"}],"wp:attachment":[{"href":"https:\/\/futllermo.com\/tienda\/wp-json\/wp\/v2\/media?parent=80684"}],"wp:term":[{"taxonomy":"product_brand","embeddable":true,"href":"https:\/\/futllermo.com\/tienda\/wp-json\/wp\/v2\/product_brand?post=80684"},{"taxonomy":"product_cat","embeddable":true,"href":"https:\/\/futllermo.com\/tienda\/wp-json\/wp\/v2\/product_cat?post=80684"},{"taxonomy":"product_tag","embeddable":true,"href":"https:\/\/futllermo.com\/tienda\/wp-json\/wp\/v2\/product_tag?post=80684"}],"curies":[{"name":"wp","href":"https:\/\/api.w.org\/{rel}","templated":true}]}}