{"id":80683,"date":"2021-01-04T13:24:10","date_gmt":"2021-01-04T13:24:10","guid":{"rendered":"https:\/\/futllermo.com\/tienda\/producto\/sp-futbol-earhart-3-pro-misa-rodriguez-nino-guante-de-portero-black-gold\/"},"modified":"2022-01-13T09:53:17","modified_gmt":"2022-01-13T09:53:17","slug":"sp-futbol-earhart-3-pro-misa-rodriguez-nino-guante-de-portero-black-gold","status":"publish","type":"product","link":"https:\/\/futllermo.com\/tienda\/producto\/sp-futbol-earhart-3-pro-misa-rodriguez-nino-guante-de-portero-black-gold\/","title":{"rendered":"SP F\u00fatbol Earhart 3 Pro Misa Rodr\u00edguez Ni\u00f1o, Guante de Portero, Black-Gold"},"content":{"rendered":"<p><!-- show up to 2 reviews by default --> <\/p>\n<p>Guante de portero para ni\u00f1a SP F\u00fatbol Earhart 3 Pro Misa Rodr\u00edguezLa guardameta del Real Madrid y de la Selecci\u00f3n Espa\u00f1ola Misa Rodr\u00edguez se estrena en el dise\u00f1o de un guante exclusivo. Adem\u00e1s de una decoraci\u00f3n con algunos de sus tatuajes favoritos tambi\u00e9n a\u00f1ade modificaciones funcionales como la eliminaci\u00f3n de la tira de cierre o el nuevo corte rollfinger sin costura y, por supuesto, tiene una versi\u00f3n para ni\u00f1as con las mismas caracter\u00edsticas del guante de adulta. <\/p>\n","protected":false},"excerpt":{"rendered":"<p>Guante de portero para ni\u00f1a SP F\u00fatbol Earhart 3 Pro Misa Rodr\u00edguezLa guardameta del Real Madrid y de la Selecci\u00f3n Espa\u00f1ola Misa Rodr\u00edguez se estrena en el dise\u00f1o de un guante exclusivo. Adem\u00e1s de una decoraci\u00f3n con algunos de sus tatuajes favoritos tambi\u00e9n a\u00f1ade modificaciones funcionales como la eliminaci\u00f3n de la tira de cierre o&#8230;<\/p>\n","protected":false},"featured_media":80685,"comment_status":"open","ping_status":"closed","template":"","meta":{"_kadence_starter_templates_imported_post":false,"_kad_post_transparent":"","_kad_post_title":"","_kad_post_layout":"","_kad_post_sidebar_id":"","_kad_post_content_style":"","_kad_post_vertical_padding":"","_kad_post_feature":"","_kad_post_feature_position":"","_kad_post_header":false,"_kad_post_footer":false},"product_brand":[],"product_cat":[450,361],"product_tag":[],"class_list":{"0":"post-80683","1":"product","2":"type-product","3":"status-publish","4":"has-post-thumbnail","6":"product_cat-futbol","7":"product_cat-guantes-de-portero","8":"pa_brand-visita-la-store-de-sp-futbol","10":"first","11":"instock","12":"shipping-taxable","13":"purchasable","14":"product-type-simple","15":"entry","16":"content-bg","17":"loop-entry"},"_links":{"self":[{"href":"https:\/\/futllermo.com\/tienda\/wp-json\/wp\/v2\/product\/80683","targetHints":{"allow":["GET"]}}],"collection":[{"href":"https:\/\/futllermo.com\/tienda\/wp-json\/wp\/v2\/product"}],"about":[{"href":"https:\/\/futllermo.com\/tienda\/wp-json\/wp\/v2\/types\/product"}],"replies":[{"embeddable":true,"href":"https:\/\/futllermo.com\/tienda\/wp-json\/wp\/v2\/comments?post=80683"}],"wp:featuredmedia":[{"embeddable":true,"href":"https:\/\/futllermo.com\/tienda\/wp-json\/wp\/v2\/media\/80685"}],"wp:attachment":[{"href":"https:\/\/futllermo.com\/tienda\/wp-json\/wp\/v2\/media?parent=80683"}],"wp:term":[{"taxonomy":"product_brand","embeddable":true,"href":"https:\/\/futllermo.com\/tienda\/wp-json\/wp\/v2\/product_brand?post=80683"},{"taxonomy":"product_cat","embeddable":true,"href":"https:\/\/futllermo.com\/tienda\/wp-json\/wp\/v2\/product_cat?post=80683"},{"taxonomy":"product_tag","embeddable":true,"href":"https:\/\/futllermo.com\/tienda\/wp-json\/wp\/v2\/product_tag?post=80683"}],"curies":[{"name":"wp","href":"https:\/\/api.w.org\/{rel}","templated":true}]}}